{"id":19337,"date":"2022-09-14T11:37:47","date_gmt":"2022-09-14T09:37:47","guid":{"rendered":"https:\/\/www.textilmuseum.ch\/?page_id=19337"},"modified":"2026-02-18T13:40:39","modified_gmt":"2026-02-18T12:40:39","slug":"ingresso-orari-di-apertura","status":"publish","type":"page","link":"https:\/\/www.textilmuseum.ch\/it\/visita\/ingresso-orari-di-apertura\/","title":{"rendered":"Ingresso + Orari di apertura"},"content":{"rendered":"<h4>Informazioni per i visitatori&nbsp;<\/h4>\n<h2>Ingresso<\/h2>\n<p>Adulti: 12 CHF<br \/>\nTariffa gruppi (a partire da 10 persone): 9 CHF\/pers.<br \/>\nTirocinanti\/studenti fino a 26 anni (Scheda studente): 5 CHF&nbsp;&nbsp;&nbsp;<br \/>\nTitolari KulturLegi: 5 CHF<br \/>\nBambini \/ Giovani* a 18 anni: 5 franchi svizzeri<br \/>\n&nbsp;&nbsp; &nbsp;<\/p>\n<p><a class=\"button\" href=\"https:\/\/www.eventim-light.com\/ch\/a\/62176beb311b433389af925a\/\" target=\"_blank\" rel=\"noopener\">Online Ticket-Shop<\/a><\/p>\n<p>Il St.Gallen Museums-Pass consente l&#8217;ingresso a noi e ad altri dieci musei di San Gallo per uno o due giorni (CHF 24\/42).<br \/>\nInformazioni dettagliate e la possibilit\u00e0 di prenotare online sono disponibili qui:<\/p>\n<p><a class=\"button\" href=\"https:\/\/shop.st.gallen-bodensee.ch\/de\/pages\/museums-pass\">St.Galler Museums-Pass<\/a><\/p>\n<h3>L\u2019ingresso \u00e8 gratuito per<\/h3>\n<ul>\n<li>*Bambini \/ ragazzi fino a 18 anni accompagnati da genitori, familiari o classi scolastiche dei cantoni SG\/AR fino a 18 anni<\/li>\n<li>membri dell\u2019Associazione Museo Tessile (Verein Textilmuseum)<\/li>\n<li>rappresentanti dei media con tessera da giornalista.<\/li>\n<li>Titolari delle seguenti carte, tessere di socio o voucher: Bodensee Card Plus, Entwerferverein, kklick, OSKAR, carte Raiffeisen EC-Plus, Passaporto musei svizzeri (tessere annuali + voucher), Swiss Travel Pass, Pass per il museo SG, VMS\/ICOM, Werkbund<\/li>\n<\/ul>\n<h2>Orari di apertura<\/h2>\n<p>Luned\u00ec \u2013 Domenica, ore 10 \u2013 17&nbsp;<\/p>\n<p>Si prega di notare che dal 1\u00b0 giugno 2026 il museo rimarr\u00e0 chiuso il luned\u00ec.<\/p>\n<h2>Contatti<\/h2>\n<p>Saremo lieti di fornirvi informazioni e di ricevere le vostre prenotazioni per le visite guidate. Il servizio visitatori \u00e8 reperibile telefonicamente dal luned\u00ec al venerd\u00ec dalle ore 10 alle ore 17.<\/p>\n<p>+41 228 00 10<br \/>\n<a href=\"mailto:info@textilmuseum.ch\">info@textilmuseum.ch<\/a><\/p>\n","protected":false},"excerpt":{"rendered":"<p>Informazioni per i visitatori&nbsp; Ingresso Adulti: 12 CHF Tariffa gruppi (a partire da 10 persone): 9 CHF\/pers. Tirocinanti\/studenti fino a 26 anni (Scheda studente): 5 CHF&nbsp;&nbsp;&nbsp; Titolari KulturLegi: 5 CHF Bambini \/ Giovani* a 18 anni: 5 franchi svizzeri &nbsp;&nbsp; &nbsp; Online Ticket-Shop Il St.Gallen Museums-Pass consente l&#8217;ingresso a noi e ad altri dieci musei di San Gallo per uno o due giorni (CHF 24\/42). Informazioni dettagliate e la possibilit\u00e0 di prenotare online sono disponibili qui: St.Galler Museums-Pass L\u2019ingresso \u00e8 gratuito per *Bambini \/ ragazzi fino a 18 anni accompagnati da genitori, familiari o classi scolastiche dei cantoni SG\/AR fino [&hellip;]<\/p>\n","protected":false},"author":7,"featured_media":0,"parent":14400,"menu_order":0,"comment_status":"closed","ping_status":"closed","template":"","meta":{"ngg_post_thumbnail":0,"footnotes":""},"class_list":["post-19337","page","type-page","status-publish","hentry"],"_links":{"self":[{"href":"https:\/\/www.textilmuseum.ch\/it\/wp-json\/wp\/v2\/pages\/19337","targetHints":{"allow":["GET"]}}],"collection":[{"href":"https:\/\/www.textilmuseum.ch\/it\/wp-json\/wp\/v2\/pages"}],"about":[{"href":"https:\/\/www.textilmuseum.ch\/it\/wp-json\/wp\/v2\/types\/page"}],"author":[{"embeddable":true,"href":"https:\/\/www.textilmuseum.ch\/it\/wp-json\/wp\/v2\/users\/7"}],"replies":[{"embeddable":true,"href":"https:\/\/www.textilmuseum.ch\/it\/wp-json\/wp\/v2\/comments?post=19337"}],"version-history":[{"count":43,"href":"https:\/\/www.textilmuseum.ch\/it\/wp-json\/wp\/v2\/pages\/19337\/revisions"}],"predecessor-version":[{"id":27361,"href":"https:\/\/www.textilmuseum.ch\/it\/wp-json\/wp\/v2\/pages\/19337\/revisions\/27361"}],"up":[{"embeddable":true,"href":"https:\/\/www.textilmuseum.ch\/it\/wp-json\/wp\/v2\/pages\/14400"}],"wp:attachment":[{"href":"https:\/\/www.textilmuseum.ch\/it\/wp-json\/wp\/v2\/media?parent=19337"}],"curies":[{"name":"wp","href":"https:\/\/api.w.org\/{rel}","templated":true}]}}