{"id":19328,"date":"2022-09-14T11:38:14","date_gmt":"2022-09-14T09:38:14","guid":{"rendered":"https:\/\/www.textilmuseum.ch\/?page_id=19328"},"modified":"2025-01-21T15:01:49","modified_gmt":"2025-01-21T14:01:49","slug":"visite-guidate","status":"publish","type":"page","link":"https:\/\/www.textilmuseum.ch\/it\/visita\/visite-guidate\/","title":{"rendered":"Visite guidate al museo"},"content":{"rendered":"<h4>Informazioni per i visitatori&nbsp;<\/h4>\n<h2><span class=\"Y2IQFc\" lang=\"it\">Tour pubblici <\/span><\/h2>\n<p><span class=\"Y2IQFc\" lang=\"it\">Ogni prima domenica del mese, dalle 11:00 alle 12:00, offriamo una visita guidata gratuita alle mostre in corso.<\/span><\/p>\n<h2><span class=\"Y2IQFc\" lang=\"it\">Tour privati <\/span><\/h2>\n<p><span class=\"Y2IQFc\" lang=\"it\">Chiediamo ai gruppi di almeno 15 persone di prenotare una visita guidata.<\/span><\/p>\n<p><span class=\"Y2IQFc\" lang=\"it\">Visita il Museo del Tessuto come parte di un tour privato! I nostri dipendenti saranno lieti di accompagnarvi in \u200b\u200bun viaggio dialogico di scoperta, dove potrete trovare interessanti informazioni di base sulle rispettive mostre su scala ridotta. Le visite guidate sono offerte in tedesco, inglese e francese, su richiesta anche al di fuori dei normali orari di apertura. La dimensione del gruppo \u00e8 limitata a un massimo di 25 persone, ma possono svolgersi pi\u00f9 tour contemporaneamente.<\/span><\/p>\n<h3><strong>Varianti 1-6 (1-25 persone per gruppo)<\/strong><\/h3>\n<p><span class=\"Y2IQFc\" lang=\"it\">Opzione 1<br \/>\n<\/span>Una delle <a href=\"https:\/\/www.textilmuseum.ch\/it\/category\/mostre\/\">mostre<\/a> nel Museo del Tessuto.<br \/>\n<span class=\"Y2IQFc\" lang=\"it\">Durata: circa 1 ora\/da 140 CHF&nbsp;<\/p>\n<p><\/span><span class=\"Y2IQFc\" lang=\"it\">Opzione 2<br \/>\n<\/span><span class=\"Y2IQFc\" lang=\"it\">La <a href=\"https:\/\/www.textilmuseum.ch\/it\/biblioteca-tessile\/\">biblioteca tessile<\/a> del Museo del Tessuto.<br \/>\n<\/span>Durata circa 1 ora\/da 140 CHF<\/p>\n<p>\n<span class=\"Y2IQFc\" lang=\"it\">Opzione 3<br \/>\n<\/span><span class=\"Y2IQFc\" lang=\"it\">Una delle <a href=\"https:\/\/www.textilmuseum.ch\/it\/category\/mostre\/\">mostre<\/a> nel Museo del Tessuto pi\u00f9 la <a href=\"https:\/\/www.textilmuseum.ch\/it\/biblioteca-tessile\/\">Biblioteca Tessile<\/a>. <br \/>\n<\/span><span class=\"Y2IQFc\" lang=\"it\">Durata circa 1 ora e mezza\/da 210 CHF&nbsp;<\/span><\/p>\n<p><span class=\"Y2IQFc\" lang=\"it\"><br \/>\n<\/span><span class=\"Y2IQFc\" lang=\"it\">Opzione 4<br \/>\n<\/span><span class=\"Y2IQFc\" lang=\"it\">Due <a href=\"https:\/\/www.textilmuseum.ch\/it\/category\/mostre\/\">mostre<\/a> nel Museo del Tessuto.<br \/>\n<\/span>Durata circa 1 ora e mezza\/da 210 CHF&nbsp;<\/p>\n<p><span class=\"Y2IQFc\" lang=\"it\">Opzione 5<br \/>\n<\/span><span class=\"Y2IQFc\" lang=\"it\">Due <a href=\"https:\/\/www.textilmuseum.ch\/it\/category\/mostre\/\">mostre<\/a> nel Museo del Tessuto pi\u00f9 la <a href=\"https:\/\/www.textilmuseum.ch\/it\/biblioteca-tessile\/\">Biblioteca Tessile<\/a>.<br \/>\n<\/span><span class=\"Y2IQFc\" lang=\"it\">Durata circa 2 ore\/da 280 CHF&nbsp;<\/p>\n<p><\/span><span class=\"Y2IQFc\" lang=\"it\">Opzione 6 <br \/>\n<\/span>Visita guidata della <a href=\"https:\/\/troeckneturm.ch\/de\/home\">Torre Tr\u00f6ckne<\/a> a San Gallo, uno dei pi\u00f9 importanti monumenti industriali della regione.<\/p>\n<p>Per le visite guidate che iniziano prima delle 10:00 o terminano dopo le 17:00 \u00e8 previsto un supplemento.&nbsp;<\/p>\n<ul>\n<li>Inizio del tour tra le 8 e le 10 del mattino: 150 CHF<\/li>\n<li>Fine del tour tra le 17.00 e le 19.00: 150 CHF<\/li>\n<li>Fine del tour tra le 19.00 e le 21.00: 300 CHF<\/li>\n<li>Fine del tour tra le 21.00 e le 22.00: 500 CHF<\/li>\n<\/ul>\n<p>Tutti i prezzi sono al netto dei biglietti d&#8217;ingresso al museo. I tour privati \u200b\u200bsono solo su prenotazione.<\/p>\n<h3>Visite guidate alla Tr\u00f6ckneturm<\/h3>\n<p>Su richiesta, possiamo organizzare visite guidate alla Tr\u00f6ckneturm, un imponente edificio risalente al periodo di massimo splendore dell&#8217;industria tessile. La visita guidata costa 250 CHF&nbsp;pi\u00f9 l&#8217;ingresso e pu\u00f2 essere prenotata tramite il servizio visitatori del Museo del Tessuto.<\/p>\n<p>Ingresso Tr\u00f6ckneturm:<\/p>\n<p>Adulti: 5 CHF<br \/>\nGruppo (a partire da 6 persone): 3 CHF<br \/>\nBambini e ragazzi fino a 18 anni: 2 CHF<\/p>\n<h2><span class=\"Y2IQFc\" lang=\"it\">Contatti<\/span><\/h2>\n<p>Saremo lieti di fornirvi informazioni e di ricevere le vostre prenotazioni per le visite guidate.<br \/>\nIl servizio visitatori \u00e8 reperibile telefonicamente dal luned\u00ec al venerd\u00ec dalle ore 10 alle ore 17.<\/p>\n<p>servizio visitatori<br \/>\n+41 228 00 10<br \/>\n<a href=\"mailto:info@textilmuseum.ch\">info@textilmuseum.ch<\/a><\/p>\n","protected":false},"excerpt":{"rendered":"<p>Informazioni per i visitatori&nbsp; Tour pubblici Ogni prima domenica del mese, dalle 11:00 alle 12:00, offriamo una visita guidata gratuita alle mostre in corso. Tour privati Chiediamo ai gruppi di almeno 15 persone di prenotare una visita guidata. Visita il Museo del Tessuto come parte di un tour privato! I nostri dipendenti saranno lieti di accompagnarvi in \u200b\u200bun viaggio dialogico di scoperta, dove potrete trovare interessanti informazioni di base sulle rispettive mostre su scala ridotta. Le visite guidate sono offerte in tedesco, inglese e francese, su richiesta anche al di fuori dei normali orari di apertura. La dimensione del gruppo [&hellip;]<\/p>\n","protected":false},"author":7,"featured_media":0,"parent":14400,"menu_order":0,"comment_status":"closed","ping_status":"closed","template":"","meta":{"ngg_post_thumbnail":0,"footnotes":""},"class_list":["post-19328","page","type-page","status-publish","hentry"],"_links":{"self":[{"href":"https:\/\/www.textilmuseum.ch\/it\/wp-json\/wp\/v2\/pages\/19328","targetHints":{"allow":["GET"]}}],"collection":[{"href":"https:\/\/www.textilmuseum.ch\/it\/wp-json\/wp\/v2\/pages"}],"about":[{"href":"https:\/\/www.textilmuseum.ch\/it\/wp-json\/wp\/v2\/types\/page"}],"author":[{"embeddable":true,"href":"https:\/\/www.textilmuseum.ch\/it\/wp-json\/wp\/v2\/users\/7"}],"replies":[{"embeddable":true,"href":"https:\/\/www.textilmuseum.ch\/it\/wp-json\/wp\/v2\/comments?post=19328"}],"version-history":[{"count":22,"href":"https:\/\/www.textilmuseum.ch\/it\/wp-json\/wp\/v2\/pages\/19328\/revisions"}],"predecessor-version":[{"id":24319,"href":"https:\/\/www.textilmuseum.ch\/it\/wp-json\/wp\/v2\/pages\/19328\/revisions\/24319"}],"up":[{"embeddable":true,"href":"https:\/\/www.textilmuseum.ch\/it\/wp-json\/wp\/v2\/pages\/14400"}],"wp:attachment":[{"href":"https:\/\/www.textilmuseum.ch\/it\/wp-json\/wp\/v2\/media?parent=19328"}],"curies":[{"name":"wp","href":"https:\/\/api.w.org\/{rel}","templated":true}]}}