{"id":19322,"date":"2022-09-14T11:38:42","date_gmt":"2022-09-14T09:38:42","guid":{"rendered":"https:\/\/www.textilmuseum.ch\/?page_id=19322"},"modified":"2025-10-02T15:46:02","modified_gmt":"2025-10-02T13:46:02","slug":"come-arrivare","status":"publish","type":"page","link":"https:\/\/www.textilmuseum.ch\/it\/visita\/come-arrivare\/","title":{"rendered":"Come arrivare"},"content":{"rendered":"<h4>Informazioni per i visitatori&nbsp;<\/h4>\n<h2>Come arrivare<\/h2>\n<p>Il Museo tessile si trova in una zona poco trafficata nelle immediate vicinanze del centro storico e dell\u2019Abbazia. Dista pochi minuti dalla stazione ferroviaria ed \u00e8 facilmente raggiungibile&nbsp;<a href=\"https:\/\/www.google.ch\/maps\/place\/Textilmuseum+St.+Gallen\/@47.4233455,9.3732113,17z\/data=!4m8!1m2!2m1!1stextilmuseum+textilbibliothek+vadianstrasse+2+st+gallen+parkplatz+in+der+n%C3%A4he!3m4!1s0x479b1e4ae30f038d:0xe9755f6969d09707!8m2!3d47.4233702!4d9.3736085\">a piedi<\/a>, oppure con il&nbsp;<a href=\"https:\/\/www.sbb.ch\/it\/home.html\">treno<\/a>&nbsp;o con&nbsp;<a href=\"https:\/\/fastfinder.ch\/#footer=journeyplanner%2Frequest\">l\u2019autobus<\/a>.<\/p>\n<p>In caso di arrivo in automobile, si consiglia di lasciare il mezzo in un parcheggio in centro citt\u00e0. Qui potete trovare informazioni aggiornate sulle possibilit\u00e0 di&nbsp;<a href=\"https:\/\/www.pls-sg.ch\/parkraeume\/\">parcheggio<\/a>.<\/p>\n<p>Il servizio visitatori \u00e8 reperibile telefonicamente dal luned\u00ec al venerd\u00ec dalle ore 10 alle ore 17.<\/p>\n<p>+41 228 00 10<br \/>\n<a href=\"mailto:info@textilmuseum.ch\">info@textilmuseum.ch<\/a><\/p>\n","protected":false},"excerpt":{"rendered":"<p>Informazioni per i visitatori&nbsp; Come arrivare Il Museo tessile si trova in una zona poco trafficata nelle immediate vicinanze del centro storico e dell\u2019Abbazia. Dista pochi minuti dalla stazione ferroviaria ed \u00e8 facilmente raggiungibile&nbsp;a piedi, oppure con il&nbsp;treno&nbsp;o con&nbsp;l\u2019autobus. In caso di arrivo in automobile, si consiglia di lasciare il mezzo in un parcheggio in centro citt\u00e0. Qui potete trovare informazioni aggiornate sulle possibilit\u00e0 di&nbsp;parcheggio. Il servizio visitatori \u00e8 reperibile telefonicamente dal luned\u00ec al venerd\u00ec dalle ore 10 alle ore 17. +41 228 00 10 info@textilmuseum.ch<\/p>\n","protected":false},"author":7,"featured_media":0,"parent":14400,"menu_order":0,"comment_status":"closed","ping_status":"closed","template":"","meta":{"ngg_post_thumbnail":0,"footnotes":""},"class_list":["post-19322","page","type-page","status-publish","hentry"],"_links":{"self":[{"href":"https:\/\/www.textilmuseum.ch\/it\/wp-json\/wp\/v2\/pages\/19322","targetHints":{"allow":["GET"]}}],"collection":[{"href":"https:\/\/www.textilmuseum.ch\/it\/wp-json\/wp\/v2\/pages"}],"about":[{"href":"https:\/\/www.textilmuseum.ch\/it\/wp-json\/wp\/v2\/types\/page"}],"author":[{"embeddable":true,"href":"https:\/\/www.textilmuseum.ch\/it\/wp-json\/wp\/v2\/users\/7"}],"replies":[{"embeddable":true,"href":"https:\/\/www.textilmuseum.ch\/it\/wp-json\/wp\/v2\/comments?post=19322"}],"version-history":[{"count":3,"href":"https:\/\/www.textilmuseum.ch\/it\/wp-json\/wp\/v2\/pages\/19322\/revisions"}],"predecessor-version":[{"id":26800,"href":"https:\/\/www.textilmuseum.ch\/it\/wp-json\/wp\/v2\/pages\/19322\/revisions\/26800"}],"up":[{"embeddable":true,"href":"https:\/\/www.textilmuseum.ch\/it\/wp-json\/wp\/v2\/pages\/14400"}],"wp:attachment":[{"href":"https:\/\/www.textilmuseum.ch\/it\/wp-json\/wp\/v2\/media?parent=19322"}],"curies":[{"name":"wp","href":"https:\/\/api.w.org\/{rel}","templated":true}]}}