{"id":18126,"date":"2022-02-18T11:16:29","date_gmt":"2022-02-18T10:16:29","guid":{"rendered":"https:\/\/www.textilmuseum.ch\/?page_id=18126"},"modified":"2022-02-18T12:17:09","modified_gmt":"2022-02-18T11:17:09","slug":"nuno-catalogo","status":"publish","type":"page","link":"https:\/\/www.textilmuseum.ch\/it\/nuno-catalogo\/","title":{"rendered":"Sudo Reiko: Making NUNO Textiles &#8211; Catalogo"},"content":{"rendered":"<p>\u00c8 stato pubblicato un catalogo per la mostra <a href=\"https:\/\/www.mill6chat.org\/event\/sudo-reiko-making-nuno-textiles\/\" target=\"_blank\" rel=\"noopener\">Sudo Reiko: Making NUNO Textiles<\/a>, che \u00e8 stata esposta al <a href=\"https:\/\/www.mill6chat.org\/\" target=\"_blank\" rel=\"noopener\">CHAT (Centre for Heritage, Art and Textiles)<\/a> di Hong Kong dal 21.11.2019 &#8211; 1.3.2020. Pu\u00f2 essere acquistato online per un prezzo di 15 dollari.<\/p>\n<p>\n<a href=\"https:\/\/issuu.com\/store\/publishers\/mill6chat\/issues\/chat_winter_2019_sudo_reiko\">CHAT Winter 2019 Sudo Reiko catalogue by mill6chat &#8211; Buy through Issuu<\/a><\/p>\n<p><a href=\"https:\/\/issuu.com\/mill6chat\/docs\/chat_winter_2019_sudo_reiko\"><img loading=\"lazy\" decoding=\"async\" class=\"wp-image-18115 size-large\" src=\"https:\/\/www.textilmuseum.ch\/wp-content\/uploads\/2022\/02\/Sudo-Reiko-Online-catalogue_20210510-1-1-840x594.jpg\" alt=\"Sudo Reiko: Making NUNO Textiles - Catalogue\" width=\"840\" height=\"594\" srcset=\"https:\/\/www.textilmuseum.ch\/wp-content\/uploads\/2022\/02\/Sudo-Reiko-Online-catalogue_20210510-1-1-840x594.jpg 840w, https:\/\/www.textilmuseum.ch\/wp-content\/uploads\/2022\/02\/Sudo-Reiko-Online-catalogue_20210510-1-1-280x198.jpg 280w, https:\/\/www.textilmuseum.ch\/wp-content\/uploads\/2022\/02\/Sudo-Reiko-Online-catalogue_20210510-1-1-150x106.jpg 150w, https:\/\/www.textilmuseum.ch\/wp-content\/uploads\/2022\/02\/Sudo-Reiko-Online-catalogue_20210510-1-1-768x543.jpg 768w, https:\/\/www.textilmuseum.ch\/wp-content\/uploads\/2022\/02\/Sudo-Reiko-Online-catalogue_20210510-1-1.jpg 1500w\" sizes=\"auto, (max-width: 840px) 100vw, 840px\" \/><\/a><\/p>\n","protected":false},"excerpt":{"rendered":"<p>\u00c8 stato pubblicato un catalogo per la mostra Sudo Reiko: Making NUNO Textiles, che \u00e8 stata esposta al CHAT (Centre for Heritage, Art and Textiles) di Hong Kong dal 21.11.2019 &#8211; 1.3.2020. Pu\u00f2 essere acquistato online per un prezzo di 15 dollari. CHAT Winter 2019 Sudo Reiko catalogue by mill6chat &#8211; Buy through Issuu<\/p>\n","protected":false},"author":7,"featured_media":0,"parent":0,"menu_order":0,"comment_status":"closed","ping_status":"closed","template":"","meta":{"ngg_post_thumbnail":0,"footnotes":""},"class_list":["post-18126","page","type-page","status-publish","hentry"],"_links":{"self":[{"href":"https:\/\/www.textilmuseum.ch\/it\/wp-json\/wp\/v2\/pages\/18126","targetHints":{"allow":["GET"]}}],"collection":[{"href":"https:\/\/www.textilmuseum.ch\/it\/wp-json\/wp\/v2\/pages"}],"about":[{"href":"https:\/\/www.textilmuseum.ch\/it\/wp-json\/wp\/v2\/types\/page"}],"author":[{"embeddable":true,"href":"https:\/\/www.textilmuseum.ch\/it\/wp-json\/wp\/v2\/users\/7"}],"replies":[{"embeddable":true,"href":"https:\/\/www.textilmuseum.ch\/it\/wp-json\/wp\/v2\/comments?post=18126"}],"version-history":[{"count":3,"href":"https:\/\/www.textilmuseum.ch\/it\/wp-json\/wp\/v2\/pages\/18126\/revisions"}],"predecessor-version":[{"id":18128,"href":"https:\/\/www.textilmuseum.ch\/it\/wp-json\/wp\/v2\/pages\/18126\/revisions\/18128"}],"wp:attachment":[{"href":"https:\/\/www.textilmuseum.ch\/it\/wp-json\/wp\/v2\/media?parent=18126"}],"curies":[{"name":"wp","href":"https:\/\/api.w.org\/{rel}","templated":true}]}}