{"id":15719,"date":"2020-05-18T17:56:21","date_gmt":"2020-05-18T15:56:21","guid":{"rendered":"https:\/\/www.textilmuseum.ch\/?page_id=15719"},"modified":"2024-04-02T11:14:08","modified_gmt":"2024-04-02T09:14:08","slug":"linee-guida","status":"publish","type":"page","link":"https:\/\/www.textilmuseum.ch\/it\/museotessile\/linee-guida\/","title":{"rendered":"Linee guida\u00a0"},"content":{"rendered":"<h4>Passato. Presente. Futuro.<\/h4>\n<p>L\u2019attuale Museo tessile esiste da oltre 140 anni, ospita una delle pi\u00f9 importanti collezioni tessili della Svizzera e celebra il mondo della moda passato, presente e futuro. La collezione comprende attualmente oltre 50&nbsp;000 pezzi, con l\u2019aggiunta recente di altri 8000 nel 2023. Questo ricco tesoro della storia tessile svizzera deve essere preservato e reso accessibile alle generazioni future.<\/p>\n<p>Concepito come centro di formazione per l\u2019industria tessile e originariamente costruito come edificio associativo, i locali non soddisfano pi\u00f9 le esigenze e le dimensioni di un museo moderno. Infatti, sia le condizioni climatiche e di conservazione che le infrastrutture e i sistemi di sicurezza dell\u2019edificio sono obsoleti. Per questo motivo, il museo necessita urgentemente di essere modernizzato. La ristrutturazione raddoppier\u00e0 lo spazio disponibile per ospitare la collezione, creando un\u2019area espositiva ampia e variegata per dare una maggiore visibilit\u00e0 agli oggetti esposti e ai temi incentrati sul tessile.<\/p>\n<p>Inoltre, un\u2019area di ingresso aperta con reception, bistrot e negozio inviter\u00e0 il pubblico a soffermarsi, rendendo il museo parte della vita sociale nel cuore della citt\u00e0 di San Gallo. Oltre a mostre appassionanti, il pubblico proveniente dalla regione e da pi\u00f9 lontano trover\u00e0 un\u2019offerta variegata di workshop, manifestazioni e opportunit\u00e0 di scambi e incontri.<\/p>\n<h1>Missione<\/h1>\n<p>Il Museo tessile nel cuore di San Gallo non espone solo pizzi e merletti, ma \u00e8 un luogo di incontro in cui trasmettiamo la nostra conoscenza dei tessuti in generale.<\/p>\n<p>Attingendo alla storia del tessile, riflettiamo sull\u2019evoluzione della societ\u00e0 e dell\u2019ambiente nel passato, nel presente e nel futuro.<\/p>\n<p>Con passione, competenza e creativit\u00e0, presentiamo mondi incentrati sul tessile che emozionano e ispirano i visitatori.<\/p>\n<h1>Visione<\/h1>\n<p>In qualit\u00e0 di attore e partner della citt\u00e0 e del cantone di San Gallo, siamo il museo leader in Svizzera che invita il pubblico a riflettere su aspetti quali design, tecniche, attivit\u00e0 tessile e sul loro rapporto con la societ\u00e0 e l\u2019ambiente.<\/p>\n<p>Conserviamo il DNA tessile della regione e facciamo del nostro museo un\u2019importante attrazione turistica in Svizzera, in particolare nella Svizzera orientale.<\/p>\n<p>Il nostro museo permette ai visitatori di sperimentare il mondo dei tessuti in diversi ambiti, collocando il loro passato nel contesto del presente e mostrando le loro prospettive future. Colleghiamo la nostra collezione all\u2019arte, alla moda, alla scienza e all\u2019industria.<\/p>\n<p>Conserviamo, studiamo e ampliamo la pi\u00f9 importante collezione tessile della Svizzera e la promuoviamo a livello locale e online.<\/p>\n<p>La sinergia tra una collezione unica e l\u2019architettura aperta e accogliente dell\u2019edificio che la ospita nel cuore di San Gallo fornisce una base per percepire i tessuti utilizzando tutti i sensi.<\/p>\n<p>Sorprendiamo un pubblico numeroso con un programma vario e interessante. Allo stesso tempo, le nostre collezioni e mostre ispirano i professionisti del settore tessile.<\/p>\n<p>Il nostro programma di sensibilizzazione non si rivolge solo ai visitatori abituali, al pubblico specializzato e ai turisti giornalieri, ma si concentra anche sui temi della diversit\u00e0, dell\u2019inclusione e della partecipazione culturale.<\/p>\n<p>Grazie alla cerchia attiva di amici del Museo tessile di San Gallo consolidiamo i nostri contatti con la popolazione.<\/p>\n<p>Siamo coinvolti in reti scientifiche e siamo il punto di riferimento per il mondo del tessile passato, presente e futuro.<\/p>\n","protected":false},"excerpt":{"rendered":"<p>Passato. Presente. Futuro. L\u2019attuale Museo tessile esiste da oltre 140 anni, ospita una delle pi\u00f9 importanti collezioni tessili della Svizzera e celebra il mondo della moda passato, presente e futuro. La collezione comprende attualmente oltre 50&nbsp;000 pezzi, con l\u2019aggiunta recente di altri 8000 nel 2023. Questo ricco tesoro della storia tessile svizzera deve essere preservato e reso accessibile alle generazioni future. Concepito come centro di formazione per l\u2019industria tessile e originariamente costruito come edificio associativo, i locali non soddisfano pi\u00f9 le esigenze e le dimensioni di un museo moderno. Infatti, sia le condizioni climatiche e di conservazione che le infrastrutture [&hellip;]<\/p>\n","protected":false},"author":7,"featured_media":0,"parent":14413,"menu_order":0,"comment_status":"closed","ping_status":"closed","template":"","meta":{"ngg_post_thumbnail":0,"footnotes":""},"class_list":["post-15719","page","type-page","status-publish","hentry"],"_links":{"self":[{"href":"https:\/\/www.textilmuseum.ch\/it\/wp-json\/wp\/v2\/pages\/15719","targetHints":{"allow":["GET"]}}],"collection":[{"href":"https:\/\/www.textilmuseum.ch\/it\/wp-json\/wp\/v2\/pages"}],"about":[{"href":"https:\/\/www.textilmuseum.ch\/it\/wp-json\/wp\/v2\/types\/page"}],"author":[{"embeddable":true,"href":"https:\/\/www.textilmuseum.ch\/it\/wp-json\/wp\/v2\/users\/7"}],"replies":[{"embeddable":true,"href":"https:\/\/www.textilmuseum.ch\/it\/wp-json\/wp\/v2\/comments?post=15719"}],"version-history":[{"count":4,"href":"https:\/\/www.textilmuseum.ch\/it\/wp-json\/wp\/v2\/pages\/15719\/revisions"}],"predecessor-version":[{"id":22560,"href":"https:\/\/www.textilmuseum.ch\/it\/wp-json\/wp\/v2\/pages\/15719\/revisions\/22560"}],"up":[{"embeddable":true,"href":"https:\/\/www.textilmuseum.ch\/it\/wp-json\/wp\/v2\/pages\/14413"}],"wp:attachment":[{"href":"https:\/\/www.textilmuseum.ch\/it\/wp-json\/wp\/v2\/media?parent=15719"}],"curies":[{"name":"wp","href":"https:\/\/api.w.org\/{rel}","templated":true}]}}