{"id":15325,"date":"2019-07-22T11:27:32","date_gmt":"2019-07-22T09:27:32","guid":{"rendered":"https:\/\/www.textilmuseum.ch\/?page_id=15325"},"modified":"2020-10-05T10:10:56","modified_gmt":"2020-10-05T08:10:56","slug":"reti","status":"publish","type":"page","link":"https:\/\/www.textilmuseum.ch\/it\/museotessile\/reti\/","title":{"rendered":"Reti"},"content":{"rendered":"<h4>Reti<\/h4>\n<p>Le attivit\u00e0 del Museo del Tessuto &#8211; mostre, collezioni, pubblicazioni, eventi e mediazione &#8211; offrono un&#8217;ampia gamma di opportunit\u00e0 di cooperazione nei pi\u00f9 diversi campi.<\/p>\n<h2>Musei<\/h2>\n<p><a href=\"https:\/\/www.nationalmuseum.ch\/d\/\" target=\"_blank\" rel=\"noopener noreferrer\">Schweizer Nationalmuseum<\/a><\/p>\n<p><a href=\"http:\/\/www.museemode.ch\/site-2017\/\" target=\"_blank\" rel=\"noopener noreferrer\">Schweizer Modemuseum<\/a><\/p>\n<p><a href=\"https:\/\/museum-gestaltung.ch\/de\/\" target=\"_blank\" rel=\"noopener noreferrer\">Museum f\u00fcr Gestaltung Z\u00fcrich<\/a><\/p>\n<p><a href=\"http:\/\/www.materialarchiv.ch\/app-tablet\/\" target=\"_blank\" rel=\"noopener noreferrer\">Materialarchiv<\/a><\/p>\n<p><a href=\"https:\/\/www.swisstextilecollection.ch\/\" target=\"_blank\" rel=\"noopener noreferrer\">Swiss Textile Collection<\/a><\/p>\n<p><a href=\"https:\/\/www.saurermuseum.ch\/\" target=\"_blank\" rel=\"noopener noreferrer\">Saurer Museum<\/a><\/p>\n<p><a href=\"https:\/\/textilmuseum-sorntal.ch\/\" target=\"_blank\" rel=\"noopener noreferrer\">Textilmuseum Sorntal<\/a><\/p>\n<p><a href=\"https:\/\/hvmsg.ch\/\" target=\"_blank\" rel=\"noopener noreferrer\">Historisches und V\u00f6lkerkunde Museum St.Gallen<\/a><\/p>\n<p><a href=\"https:\/\/www.mak.at\/\" target=\"_blank\" rel=\"noopener noreferrer\">MAK Museum f\u00fcr Angewandte Kunst Wien<\/a><\/p>\n<p><a href=\"http:\/\/s-mak.at\/\" target=\"_blank\" rel=\"noopener noreferrer\"><span class=\"s1\">Stickerei \u2014 Museum. Archiv. Kommunikation (S-MAK)<\/span><\/a><\/p>\n<p><a href=\"https:\/\/www.textiles-zentrum-haslach.at\/\/home\" target=\"_blank\" rel=\"noopener noreferrer\">Textiles Zentrum Haslach<\/a><\/p>\n<p><a href=\"https:\/\/www.meinindustrie.museum\/\" target=\"_blank\" rel=\"noopener noreferrer\">Vorarlberger Industriemuseum<\/a><\/p>\n<p><a href=\"http:\/\/www.timbayern.de\/\" target=\"_blank\" rel=\"noopener noreferrer\">Staatliches Textil- und Industriemuseum TIM<\/a><\/p>\n<p><a href=\"https:\/\/www.vam.ac.uk\/\" target=\"_blank\" rel=\"noopener noreferrer\">Victoria &amp; Albert Museum<\/a><\/p>\n<h2>Ricerca + Istruzione<\/h2>\n<p><a href=\"https:\/\/abegg-stiftung.ch\/\" target=\"_blank\" rel=\"noopener noreferrer\">Abegg-Stiftung<\/a><\/p>\n<p><a href=\"https:\/\/www.hslu.ch\/de-ch\/design-kunst\/#\/\" target=\"_blank\" rel=\"noopener noreferrer\">Hochschule Luzern &#8211; Design &amp; Kunst<\/a><\/p>\n<p><a href=\"https:\/\/www.philhist.unibe.ch\/studium\/studienprogramme\/master_kunstgeschichte_geschichte_der_textilen_kuenste\/index_ger.html\" target=\"_blank\" rel=\"noopener noreferrer\">Universit\u00e4t Bern<\/a><\/p>\n<p><a href=\"https:\/\/www.unisg.ch\/\" target=\"_blank\" rel=\"noopener noreferrer\">HSG Universit\u00e4t St.Gallen&nbsp;<\/a><\/p>\n<p><a href=\"https:\/\/www.gbssg.ch\/gestaltung\/berufliche-grundbildung\/couture-lehratelier.html\" target=\"_blank\" rel=\"noopener noreferrer\">GBS &#8211; Couture<\/a><\/p>\n<p><a href=\"https:\/\/www.stf.ch\/\" target=\"_blank\" rel=\"noopener noreferrer\">Schweizer Textilfachschule<\/a><\/p>\n<h2>Bambini, giovani, scuole + famiglia<\/h2>\n<p><a href=\"https:\/\/www.kklick.ch\/\" target=\"_blank\" rel=\"noopener noreferrer\">kklick Kulturvermittlung Ostschweiz<\/a><\/p>\n<p><a href=\"https:\/\/www.stadt.sg.ch\/home\/schule-bildung\/schulen\/talentschule.html\" target=\"_blank\" rel=\"noopener noreferrer\">Talentschule St.Gallen<\/a><\/p>\n<p><a href=\"https:\/\/www.stadt.sg.ch\/home\/schule-bildung\/schulen\/primarschule\/primarschulhaeuser\/schoenenwegen\/unsere-schule\/angebote\/freiwillige_handarbeit.html\" target=\"_blank\" rel=\"noopener noreferrer\">Kunst &amp; Handwerk St. Gallen<\/a><\/p>\n<p><a href=\"https:\/\/www.sg.ch\/politik-verwaltung\/departemente-und-staatskanzlei\/bildungsdepartement\/amt-fuer-volksschule.html\" target=\"_blank\" rel=\"noopener noreferrer\">Amt f\u00fcr Volksschule<\/a><\/p>\n<h2>Associazioni + Reti<\/h2>\n<p><a href=\"https:\/\/www.swisstextiles.ch\/\" target=\"_blank\" rel=\"noopener noreferrer\">SwissTextiles<\/a><\/p>\n<p><a href=\"https:\/\/www.museums.ch\/service\/vms\/\" target=\"_blank\" rel=\"noopener noreferrer\">VMS Verband der Museen der Schweiz<\/a><\/p>\n<p><a href=\"http:\/\/network.icom.museum\/costume\/\" target=\"_blank\" rel=\"noopener noreferrer\">ICOM Costume<\/a><\/p>\n<p><a href=\"https:\/\/cieta.fr\/\" target=\"_blank\" rel=\"noopener noreferrer\">CIETA Centre International des Textiles Anciens<\/a><\/p>\n<p><a href=\"https:\/\/www.facebook.com\/groups\/127961182968\/\" target=\"_blank\" rel=\"noopener noreferrer\">European Textile Network<\/a><\/p>\n<p><a href=\"https:\/\/netzwerk-mode-textil.de\/index.php?lang=de\" target=\"_blank\" rel=\"noopener noreferrer\">netzwerk mode textil<\/a><\/p>\n<p><a href=\"http:\/\/europeanmuseumacademy.eu\/\" target=\"_blank\" rel=\"noopener noreferrer\">European Museum Academy<\/a><\/p>\n<p><a href=\"https:\/\/www.industriekultur.ch\/\" target=\"_blank\" rel=\"noopener noreferrer\">Industriekultur Schweiz<\/a><\/p>\n<p>Entwerfer-Verein St.Gallen<\/p>\n<p><a href=\"https:\/\/www.mediamus.ch\/\" target=\"_blank\" rel=\"noopener noreferrer\">Mediamus<\/a><\/p>\n<p><a href=\"https:\/\/www.kultur-vermittlung.ch\/\" target=\"_blank\" rel=\"noopener noreferrer\">Kulturvermittlung Schweiz<\/a><\/p>\n<p><a href=\"https:\/\/artsandculture.google.com\/\" target=\"_blank\" rel=\"noopener noreferrer\">Google Arts &amp; Culture<\/a><\/p>\n<p><a href=\"https:\/\/www.musa-sg.ch\/aktuell\/\" target=\"_blank\" rel=\"noopener noreferrer\">Musa<\/a><\/p>\n<p><a href=\"https:\/\/www.facebook.com\/museumsstadt.stgallen\" target=\"_blank\" rel=\"noopener noreferrer\">Museumsstadt St.Gallen<\/a><\/p>\n<h2>Turismo<\/h2>\n<p><a href=\"https:\/\/st.gallen-bodensee.ch\/de\/\" target=\"_blank\" rel=\"noopener noreferrer\">St.Gallen-Bodensee Tourismus<\/a><\/p>\n<p><a href=\"https:\/\/st.gallen-bodensee.ch\/de\/textilland.html\" target=\"_blank\" rel=\"noopener noreferrer\">Textilland Ostschweiz<\/a><\/p>\n<p><a href=\"https:\/\/www.myswitzerland.com\/de-ch\" target=\"_blank\" rel=\"noopener noreferrer\">Schweiz Tourismus<\/a><\/p>\n<h2>Libraries<\/h2>\n<p><a href=\"https:\/\/bibliosuisse.ch\" target=\"_blank\" rel=\"noopener noreferrer\">Bibliosuisse<\/a><\/p>\n<p><a href=\"https:\/\/www.sg.ch\/kultur\/kantonsbibliothek-vadiana\/bibliothekswesen-st-gallen\/st-galler-bibliotheksnetz.html\" target=\"_blank\" rel=\"noopener noreferrer\">St.Galler Bibliotheksnetz<\/a><\/p>\n<p><a href=\"http:\/\/www.bibliosg.ch\/\" target=\"_blank\" rel=\"noopener noreferrer\">Bibliothek Hauptpost St.Gallen<\/a><\/p>\n","protected":false},"excerpt":{"rendered":"<p>Reti Le attivit\u00e0 del Museo del Tessuto &#8211; mostre, collezioni, pubblicazioni, eventi e mediazione &#8211; offrono un&#8217;ampia gamma di opportunit\u00e0 di cooperazione nei pi\u00f9 diversi campi. Musei Schweizer Nationalmuseum Schweizer Modemuseum Museum f\u00fcr Gestaltung Z\u00fcrich Materialarchiv Swiss Textile Collection Saurer Museum Textilmuseum Sorntal Historisches und V\u00f6lkerkunde Museum St.Gallen MAK Museum f\u00fcr Angewandte Kunst Wien Stickerei \u2014 Museum. Archiv. Kommunikation (S-MAK) Textiles Zentrum Haslach Vorarlberger Industriemuseum Staatliches Textil- und Industriemuseum TIM Victoria &amp; Albert Museum Ricerca + Istruzione Abegg-Stiftung Hochschule Luzern &#8211; Design &amp; Kunst Universit\u00e4t Bern HSG Universit\u00e4t St.Gallen&nbsp; GBS &#8211; Couture Schweizer Textilfachschule Bambini, giovani, scuole + famiglia kklick [&hellip;]<\/p>\n","protected":false},"author":7,"featured_media":15327,"parent":14413,"menu_order":0,"comment_status":"closed","ping_status":"closed","template":"","meta":{"ngg_post_thumbnail":0,"footnotes":""},"class_list":["post-15325","page","type-page","status-publish","has-post-thumbnail","hentry"],"_links":{"self":[{"href":"https:\/\/www.textilmuseum.ch\/it\/wp-json\/wp\/v2\/pages\/15325","targetHints":{"allow":["GET"]}}],"collection":[{"href":"https:\/\/www.textilmuseum.ch\/it\/wp-json\/wp\/v2\/pages"}],"about":[{"href":"https:\/\/www.textilmuseum.ch\/it\/wp-json\/wp\/v2\/types\/page"}],"author":[{"embeddable":true,"href":"https:\/\/www.textilmuseum.ch\/it\/wp-json\/wp\/v2\/users\/7"}],"replies":[{"embeddable":true,"href":"https:\/\/www.textilmuseum.ch\/it\/wp-json\/wp\/v2\/comments?post=15325"}],"version-history":[{"count":12,"href":"https:\/\/www.textilmuseum.ch\/it\/wp-json\/wp\/v2\/pages\/15325\/revisions"}],"predecessor-version":[{"id":15340,"href":"https:\/\/www.textilmuseum.ch\/it\/wp-json\/wp\/v2\/pages\/15325\/revisions\/15340"}],"up":[{"embeddable":true,"href":"https:\/\/www.textilmuseum.ch\/it\/wp-json\/wp\/v2\/pages\/14413"}],"wp:featuredmedia":[{"embeddable":true,"href":"https:\/\/www.textilmuseum.ch\/it\/wp-json\/wp\/v2\/media\/15327"}],"wp:attachment":[{"href":"https:\/\/www.textilmuseum.ch\/it\/wp-json\/wp\/v2\/media?parent=15325"}],"curies":[{"name":"wp","href":"https:\/\/api.w.org\/{rel}","templated":true}]}}