{"id":14430,"date":"2013-04-16T14:06:18","date_gmt":"2013-04-16T12:06:18","guid":{"rendered":"https:\/\/www.textilmuseum.ch\/?page_id=14430"},"modified":"2026-03-30T16:29:16","modified_gmt":"2026-03-30T14:29:16","slug":"biblioteca-tessile","status":"publish","type":"page","link":"https:\/\/www.textilmuseum.ch\/it\/biblioteca-tessile\/","title":{"rendered":"Biblioteca Tessile"},"content":{"rendered":"<h4>Biblioteca Tessile&nbsp;<\/h4>\n<p>Siete interessati a moda, storia dei tessuti, design e arte? Avete un debole per il lavoro con i materiali tessili e siete alla ricerca di istruzioni e ispirazioni? Visitate la biblioteca ad accesso libero al primo piano del Museo tessile. Qui troverete una ricca selezione di libri, cataloghi e modelli dedicati al tema del tessile. I media nell&#8217;area di accesso libero possono essere visionati durante gli orari di apertura, oppure presi a prestito esibendo una tessera della biblioteca.<\/p>\n<p>Merita una visita anche la magnifica sala della biblioteca in stile storicistico. \u00c8 liberamente accessibile durante gli orari di apertura del museo. Nelle teche e negli scaffali sono conservati centinaia di libri campionari e di fotografie e disegni di moda. Per motivi connessi alla sua conservazione, questo materiale non \u00e8 liberamente accessibile. Per avere un&#8217;idea della bellezza e della variet\u00e0 del ricamo a macchina nella Svizzera orientale \u00e8 comunque possibile consultare selezionati campionari, visionabili nella biblioteca tessile.<\/p>\n<h2>Orari di apertura della biblioteca tessile<\/h2>\n<p>La sala storicistica della Biblioteca del Tessuto \u00e8 aperta durante<a href=\"https:\/\/www.textilmuseum.ch\/it\/visita\/ingresso-orari-di-apertura\/\"> l&#8217;orario di apertura<\/a> del Museo del Tessuto, dal luned\u00ec alla domenica, 10-17&nbsp;<\/p>\n<p>Orari di apertura della biblioteca ad accesso libero<\/p>\n<p>Mercoled\u00ec e venerd\u00ec, 12 &#8211; 17 (gioved\u00ec chiuso)<br \/>\nOgni 1\u00b0 e 3\u00b0 sabato del mese, 10 &#8211; 12<\/p>\n<p>La biblioteca ad accesso libero &nbsp;rimarr\u00e0 chiusa: 1\u00b0 gennaio, Venerd\u00ec Santo, Sabato Santo, 1\u00b0 agosto, 1\u00b0 novembre e il 24, 25, 26 e 31 dicembre:<\/p>\n<p>Si prega di notare che dal 1\u00b0 giugno 2026 l&#8217;area di consultazione libera sar\u00e0 aperta solo il mercoled\u00ec dalle 12:00 alle 17:00. La quota annuale per l&#8217;utilizzo sar\u00e0 ridotta di conseguenza a 10 CHF a partire da giugno.<\/p>\n<h2>Contatto<\/h2>\n<p>Claudio Lorenzi<br \/>\n<a href=\"mailto:bibliothek@textilmuseum.ch\">bibliothek@textilmuseum.ch<\/a><br \/>\n+41 71 228 00 14<\/p>\n<h2>Condizione di utilizzo<\/h2>\n<h3>Documentazione<\/h3>\n<ul>\n<li>I documenti della biblioteca tessile sono consultabile attraverso il catalogo online della rete bibliotecaria di San Gallo.<\/li>\n<li>I documenti contrassegnati con la dicitura &#8220;Prendibile in prestito&#8221; possono essere consultati nella biblioteca tessile durante gli orari di apertura e, se necessario, presi in prestito su presentazione di una tessera valida della biblioteca.<\/li>\n<li>Un documento gi\u00e0 preso in prestito pu\u00f2 essere prenotato tramite il catalogo online o in biblioteca.<\/li>\n<li>I documenti contrassegnati con la dicitura &#8220;Per uso in loco&#8221; possono essere consultati nella biblioteca tessile durante gli orari di apertura, ma non possono essere presi in prestito.<\/li>\n<li>Gli articoli contrassegnati con la dicitura &#8220;Magazin&#8221; nel catalogo della biblioteca devono essere prenotati un giorno prima di essere presi in prestito o consultati.<\/li>\n<\/ul>\n<h3>Tariffe<\/h3>\n<ul>\n<li>La tassa di registrazione annuale per la biblioteca ad accesso libero \u00e8 di CHF 50.-. La richiesta per la tessera della biblioteca pu\u00f2 essere fatta nella biblioteca tessile.<\/li>\n<li>L&#8217;accesso alla biblioteca \u00e8 gratuito per gli studenti fino ai 30 anni (su presentazione di un documento d&#8217;identit\u00e0) e per i membri dell&#8217;Associazione Museo del Tessuto.<\/li>\n<li>\u00c8 disponibile un iscrizione di prova al prezzo di CHF 10.00, valido per tre mesi (una volta).<\/li>\n<\/ul>\n<h3>Durata del Prestito<\/h3>\n<ul>\n<li>Il prestito ha una durata di 28 giorni. Il prestito \u00e8 rinnovabile tre volte al massimo, sempre che il documento non sia stato richiesto da altro utente nel frattempo. &nbsp;&nbsp;&nbsp;<\/li>\n<li>Se l&#8217;articolo non viene restituito nemmeno dopo un sollecito, verranno addebitate le spese di mora: 1\u00b0 richiamo 5 CHF, 2\u00b0 richiamo 10 CHF, 3\u00b0 richiamo 15 CHF. Le tariffe vengono addebitate per ogni articolo.<\/li>\n<\/ul>\n<h3>Prestito per posta e prestito interbibliotecario (ILL)<\/h3>\n<p>I prestiti postali e i prestiti interbibliotecari sono possibili per documenti che possono essere presi in prestito, al costo di 10 franchi per documento (solo in Svizzera).<\/p>\n","protected":false},"excerpt":{"rendered":"<p>Biblioteca Tessile&nbsp; Siete interessati a moda, storia dei tessuti, design e arte? Avete un debole per il lavoro con i materiali tessili e siete alla ricerca di istruzioni e ispirazioni? Visitate la biblioteca ad accesso libero al primo piano del Museo tessile. Qui troverete una ricca selezione di libri, cataloghi e modelli dedicati al tema del tessile. I media nell&#8217;area di accesso libero possono essere visionati durante gli orari di apertura, oppure presi a prestito esibendo una tessera della biblioteca. Merita una visita anche la magnifica sala della biblioteca in stile storicistico. \u00c8 liberamente accessibile durante gli orari di apertura [&hellip;]<\/p>\n","protected":false},"author":7,"featured_media":0,"parent":0,"menu_order":1,"comment_status":"open","ping_status":"open","template":"","meta":{"ngg_post_thumbnail":0,"footnotes":""},"class_list":["post-14430","page","type-page","status-publish","hentry"],"_links":{"self":[{"href":"https:\/\/www.textilmuseum.ch\/it\/wp-json\/wp\/v2\/pages\/14430","targetHints":{"allow":["GET"]}}],"collection":[{"href":"https:\/\/www.textilmuseum.ch\/it\/wp-json\/wp\/v2\/pages"}],"about":[{"href":"https:\/\/www.textilmuseum.ch\/it\/wp-json\/wp\/v2\/types\/page"}],"author":[{"embeddable":true,"href":"https:\/\/www.textilmuseum.ch\/it\/wp-json\/wp\/v2\/users\/7"}],"replies":[{"embeddable":true,"href":"https:\/\/www.textilmuseum.ch\/it\/wp-json\/wp\/v2\/comments?post=14430"}],"version-history":[{"count":98,"href":"https:\/\/www.textilmuseum.ch\/it\/wp-json\/wp\/v2\/pages\/14430\/revisions"}],"predecessor-version":[{"id":27435,"href":"https:\/\/www.textilmuseum.ch\/it\/wp-json\/wp\/v2\/pages\/14430\/revisions\/27435"}],"wp:attachment":[{"href":"https:\/\/www.textilmuseum.ch\/it\/wp-json\/wp\/v2\/media?parent=14430"}],"curies":[{"name":"wp","href":"https:\/\/api.w.org\/{rel}","templated":true}]}}