{"id":3765,"date":"2013-05-07T15:41:28","date_gmt":"2013-05-07T13:41:28","guid":{"rendered":"https:\/\/www.textilmuseum.ch\/museumsclub-der-textilindustrie-fr\/"},"modified":"2024-12-05T17:37:06","modified_gmt":"2024-12-05T16:37:06","slug":"museumsclub-der-textilindustrie-fr","status":"publish","type":"page","link":"https:\/\/www.textilmuseum.ch\/fr\/association\/museumsclub-der-textilindustrie-fr\/","title":{"rendered":"Club du Mus\u00e9e"},"content":{"rendered":"<h4>Le Club du Mus\u00e9e de l\u2019industrie textile<\/h4>\n<p>La Biblioth\u00e8que du textile est un p\u00f4le comp\u00e9tences in\u00e9puisable pour l\u2019industrie et les cr\u00e9ateurs. L\u2019importante collection de catalogues d\u00b4\u00e9chantillons et de dessins de projets, que compl\u00e8tent de nombreuses photos de mode, est un r\u00e9servoir d\u00b4id\u00e9es pour votre travail. Avec vos collaborateurs, seul ou accompagn\u00e9 de vos clients, les collections de la biblioth\u00e8que vous inspireront de nouvelles collections. Avec son club, le mus\u00e9e fait revivre l\u00b4id\u00e9e qui l\u00b4a fait na\u00eetre: \u00eatre le d\u00e9positaire de mod\u00e8les et d\u00b4id\u00e9es dont peuvent profiter l\u00b4industrie textile, les cr\u00e9ateurs et dessinateurs.<\/p>\n<div class=\"hint\">Vos avangages: Vous pouvez travailler sans limite horaire \u00e0 la biblioth\u00e8que, accompagn\u00e9 de 3 personnes au maximum. Vous \u00eates autoris\u00e9 \u00e0 photographier les \u00e9chantillons des catalogues et les croquis 4 jours par an. Vous pouvez, de m\u00eame que vos clients, acheter des cr\u00e9neaux horaires suppl\u00e9mentaires. Les clients des membres du club ont le droit d\u00b4utiliser la biblioth\u00e8que en leur pr\u00e9sence. Le personnel de la biblioth\u00e8que est personnellement \u00e0 votre disposition. Et nous accordons une r\u00e9duction de 25% sur les frais de <span style=\"text-decoration: underline;\"><a href=\"https:\/\/www.textilmuseum.ch\/fr\/visite\/visite-guidee\/\">visites priv\u00e9es de l&rsquo;exposition<\/a><\/span>.&nbsp;<\/div>\n<p>Afin de vous garantir gain de temps et efficacit\u00e9 dans votre travail, il est n\u00e9cessaire de vous inscrire avant l\u2019utilisation des collections sp\u00e9ciales. Le personnel de la biblioth\u00e8que vous assistera alors dans vos recherches. Il est indispensable de r\u00e9server explicitement les dates en vue de faire des photos. Si l\u2019adh\u00e9sion au Club vous int\u00e9resse:<\/p>\n<h2>Contact<\/h2>\n<p>Mandana Roozpeikar<br \/>\nDirectrice<\/p>\n<p><a href=\"mailto:mroozpeikar@textilmuseum.ch\">mroozpeikar@textilmuseum.ch<\/a><br \/>\n+41 71 228 00 15<\/p>\n","protected":false},"excerpt":{"rendered":"<p>Le Club du Mus\u00e9e de l\u2019industrie textile La Biblioth\u00e8que du textile est un p\u00f4le comp\u00e9tences in\u00e9puisable pour l\u2019industrie et les cr\u00e9ateurs. L\u2019importante collection de catalogues d\u00b4\u00e9chantillons et de dessins de projets, que compl\u00e8tent de nombreuses photos de mode, est un r\u00e9servoir d\u00b4id\u00e9es pour votre travail. Avec vos collaborateurs, seul ou accompagn\u00e9 de vos clients, les collections de la biblioth\u00e8que vous inspireront de nouvelles collections. Avec son club, le mus\u00e9e fait revivre l\u00b4id\u00e9e qui l\u00b4a fait na\u00eetre: \u00eatre le d\u00e9positaire de mod\u00e8les et d\u00b4id\u00e9es dont peuvent profiter l\u00b4industrie textile, les cr\u00e9ateurs et dessinateurs. Vos avangages: Vous pouvez travailler sans limite horaire [&hellip;]<\/p>\n","protected":false},"author":7,"featured_media":0,"parent":3713,"menu_order":2,"comment_status":"closed","ping_status":"closed","template":"","meta":{"ngg_post_thumbnail":0,"footnotes":""},"class_list":["post-3765","page","type-page","status-publish","hentry"],"_links":{"self":[{"href":"https:\/\/www.textilmuseum.ch\/fr\/wp-json\/wp\/v2\/pages\/3765","targetHints":{"allow":["GET"]}}],"collection":[{"href":"https:\/\/www.textilmuseum.ch\/fr\/wp-json\/wp\/v2\/pages"}],"about":[{"href":"https:\/\/www.textilmuseum.ch\/fr\/wp-json\/wp\/v2\/types\/page"}],"author":[{"embeddable":true,"href":"https:\/\/www.textilmuseum.ch\/fr\/wp-json\/wp\/v2\/users\/7"}],"replies":[{"embeddable":true,"href":"https:\/\/www.textilmuseum.ch\/fr\/wp-json\/wp\/v2\/comments?post=3765"}],"version-history":[{"count":9,"href":"https:\/\/www.textilmuseum.ch\/fr\/wp-json\/wp\/v2\/pages\/3765\/revisions"}],"predecessor-version":[{"id":24050,"href":"https:\/\/www.textilmuseum.ch\/fr\/wp-json\/wp\/v2\/pages\/3765\/revisions\/24050"}],"up":[{"embeddable":true,"href":"https:\/\/www.textilmuseum.ch\/fr\/wp-json\/wp\/v2\/pages\/3713"}],"wp:attachment":[{"href":"https:\/\/www.textilmuseum.ch\/fr\/wp-json\/wp\/v2\/media?parent=3765"}],"curies":[{"name":"wp","href":"https:\/\/api.w.org\/{rel}","templated":true}]}}