{"id":3754,"date":"2013-04-16T17:00:54","date_gmt":"2013-04-16T15:00:54","guid":{"rendered":"https:\/\/www.textilmuseum.ch\/impressum-nicht-loeschen\/"},"modified":"2020-07-29T13:51:57","modified_gmt":"2020-07-29T11:51:57","slug":"mentions","status":"publish","type":"page","link":"https:\/\/www.textilmuseum.ch\/fr\/mentions\/","title":{"rendered":"Mentions l\u00e9gales"},"content":{"rendered":"<h4>Impressum<\/h4>\n<h2>Mentions l\u00e9gales<\/h2>\n<p>Verein Textilmuseum St.Gallen, Vadianstrasse 2,&nbsp;<span style=\"line-height: 1.3em;\">9000 St. Gallen<\/span><\/p>\n<h2>Graphisme<\/h2>\n<p>B\u00fcro Sequenz GmbH, St.Gallen <a title=\"www.buro.sequenz.net\" href=\"https:\/\/www.sequenz.net\" target=\"_blank\" rel=\"noopener noreferrer\">www.sequenz.net<\/a><\/p>\n<h2>D\u00e9veloppement<\/h2>\n<p>Manuel M\u00e4rklin Programmierung, St.Gallen <a title=\"www.m-maerklin.ch\" href=\"http:\/\/www.m-maerklin.ch\" target=\"_blank\" rel=\"noopener noreferrer\">www.m-maerklin.ch<\/a><br \/>\nGoEast GmbH, St.Gallen, Switzerland <a title=\"www.goeast.ch\" href=\"http:\/\/www.goeast.ch\" target=\"_blank\" rel=\"noopener noreferrer\">www.goeast.ch<\/a><\/p>\n<h2>Op\u00e9ration<\/h2>\n<p>GoEast GmbH, St.Gallen <a title=\"www.goeast.ch\" href=\"http:\/\/www.goeast.ch\" target=\"_blank\" rel=\"noopener noreferrer\">www.goeast.ch<\/a><\/p>\n<h2>Textes + Traductions<\/h2>\n<p>Silvia Gross, Andrew Horsfield (E), Pascale Vacher (F), 24translate (I)<\/p>\n<h2>Photos<\/h2>\n<p>Urs Bigler, Andrea Frey, Christine Freydl-Kuster, Seraina F\u00fcllemann, Miriam Graf, Silvia Gross, Maurus Hofer, Jakob Ineichen, Michele Limina (NZZ), Michael Rast, Linus Rieser, Stefan Rohner, Michael Schoch, Tobias Siebrecht, Johannes Stieger, Donat Stuppan (Schweizer Nationalmuseum), Roman Wild, J\u00fcrg Z\u00fcrcher<\/p>\n","protected":false},"excerpt":{"rendered":"<p>Impressum Mentions l\u00e9gales Verein Textilmuseum St.Gallen, Vadianstrasse 2,&nbsp;9000 St. Gallen Graphisme B\u00fcro Sequenz GmbH, St.Gallen www.sequenz.net D\u00e9veloppement Manuel M\u00e4rklin Programmierung, St.Gallen www.m-maerklin.ch GoEast GmbH, St.Gallen, Switzerland www.goeast.ch Op\u00e9ration GoEast GmbH, St.Gallen www.goeast.ch Textes + Traductions Silvia Gross, Andrew Horsfield (E), Pascale Vacher (F), 24translate (I) Photos Urs Bigler, Andrea Frey, Christine Freydl-Kuster, Seraina F\u00fcllemann, Miriam Graf, Silvia Gross, Maurus Hofer, Jakob Ineichen, Michele Limina (NZZ), Michael Rast, Linus Rieser, Stefan Rohner, Michael Schoch, Tobias Siebrecht, Johannes Stieger, Donat Stuppan (Schweizer Nationalmuseum), Roman Wild, J\u00fcrg Z\u00fcrcher<\/p>\n","protected":false},"author":7,"featured_media":0,"parent":0,"menu_order":0,"comment_status":"closed","ping_status":"closed","template":"","meta":{"ngg_post_thumbnail":0,"footnotes":""},"class_list":["post-3754","page","type-page","status-publish","hentry"],"_links":{"self":[{"href":"https:\/\/www.textilmuseum.ch\/fr\/wp-json\/wp\/v2\/pages\/3754","targetHints":{"allow":["GET"]}}],"collection":[{"href":"https:\/\/www.textilmuseum.ch\/fr\/wp-json\/wp\/v2\/pages"}],"about":[{"href":"https:\/\/www.textilmuseum.ch\/fr\/wp-json\/wp\/v2\/types\/page"}],"author":[{"embeddable":true,"href":"https:\/\/www.textilmuseum.ch\/fr\/wp-json\/wp\/v2\/users\/7"}],"replies":[{"embeddable":true,"href":"https:\/\/www.textilmuseum.ch\/fr\/wp-json\/wp\/v2\/comments?post=3754"}],"version-history":[{"count":6,"href":"https:\/\/www.textilmuseum.ch\/fr\/wp-json\/wp\/v2\/pages\/3754\/revisions"}],"predecessor-version":[{"id":14788,"href":"https:\/\/www.textilmuseum.ch\/fr\/wp-json\/wp\/v2\/pages\/3754\/revisions\/14788"}],"wp:attachment":[{"href":"https:\/\/www.textilmuseum.ch\/fr\/wp-json\/wp\/v2\/media?parent=3754"}],"curies":[{"name":"wp","href":"https:\/\/api.w.org\/{rel}","templated":true}]}}