{"id":3736,"date":"2013-04-16T14:06:18","date_gmt":"2013-04-16T12:06:18","guid":{"rendered":"https:\/\/www.textilmuseum.ch\/bibliotheque\/"},"modified":"2026-03-30T16:29:01","modified_gmt":"2026-03-30T14:29:01","slug":"bibliotheque","status":"publish","type":"page","link":"https:\/\/www.textilmuseum.ch\/fr\/bibliotheque\/","title":{"rendered":"Biblioth\u00e8que"},"content":{"rendered":"<h4>La Biblioth\u00e8que du textile<\/h4>\n<p>La mode, l\u2019histoire du textile, le design et l\u2019art vous int\u00e9ressent ? Le travail avec des mat\u00e9riaux textiles vous passionne et vous cherchez une source d\u2019inspiration et de l\u2019aide ? Venez \u00e0 la Biblioth\u00e8que en libre acc\u00e8s situ\u00e9e au premier \u00e9tage du Mus\u00e9e du textile. Vous y trouverez un large choix de livres, des catalogues et des mod\u00e8les consacr\u00e9s au textile. Les documents accessibles peuvent \u00eatre consult\u00e9s sur place pendant les heures d\u2019ouverture ou emprunt\u00e9s sur pr\u00e9sentation d\u2019une carte de biblioth\u00e8que.<\/p>\n<p>La magnifique salle de la biblioth\u00e8que, dans le style de l\u2019historicisme, vaut \u00e9galement une visite. Il est librement accessible pendant les heures d&rsquo;ouverture du mus\u00e9e. Des centaines de catalogues d\u2019\u00e9chantillons, des illustrations et des photographies de mode sont pr\u00e9sent\u00e9es dans des vitrines et des armoires. Pour des raisons de conservation, les collections historiques ne sont pas accessibles au public. La s\u00e9lection de catalogues d\u2019\u00e9chantillons expos\u00e9e dans la Biblioth\u00e8que du textile offre cependant un excellent aper\u00e7u de la beaut\u00e9 et la diversit\u00e9 de la broderie \u00e0 la machine de la Suisse orientale.<\/p>\n<h2>Heures d&rsquo;ouverture Biblioth\u00e8que en libre acc\u00e8s<\/h2>\n<p>La salle historiciste de la biblioth\u00e8que textile est ouverte pendant les<a href=\"https:\/\/www.textilmuseum.ch\/fr\/visite\/admission-horaires-douverture\/\"> heures d&rsquo;ouverture<\/a> du Mus\u00e9e du textile, du lundi au dimanche, de 10h \u00e0 17h.<\/p>\n<p>Heures d&rsquo;ouverture de la biblioth\u00e8que en libre acc\u00e8s<\/p>\n<p>Mercredi et vendredi, de 12 h \u00e0 17h<br \/>\nTous les 1er et 3e samedis du mois, de 10 \u00e0 12 h<\/p>\n<p>La biblioth\u00e8que en libre acc\u00e8ss est ferm\u00e9e: Nouvel An (1er janvier), Vendredi saint, Samedi saint, 1er ao\u00fbt, Toussaint (1er novembre) et les 24, 25, 26 et 31 d\u00e9cembre.<\/p>\n<p>Veuillez noter qu&rsquo;\u00e0 partir du 1er juin 2026, l&rsquo;espace libre acc\u00e8s ne sera ouvert que le mercredi de 12h \u00e0 17h. La cotisation annuelle pour son utilisation sera r\u00e9duite \u00e0 10 CHF \u00e0 partir de juin.<\/p>\n<h2>Contact<\/h2>\n<p>Claudio Lorenzi<br \/>\n<a href=\"mailto:bibliothek@textilmuseum.ch\">bibliothek@textilmuseum.ch<\/a><br \/>\n+41 71 228 00 14<\/p>\n<h2>Conditions d\u2019utilisation<\/h2>\n<h3>Documents<\/h3>\n<ul>\n<li>Le fonds de la Biblioth\u00e8que du textile peut \u00eatre consult\u00e9 via le <span style=\"text-decoration: underline;\"><a href=\"https:\/\/sgbn-primo.hosted.exlibrisgroup.com\/primo-explore\/search?vid=41STGKBG_VU1&amp;lang=de_DE&amp;sortby=rank\" target=\"_blank\" rel=\"noopener noreferrer\">catalogue en ligne<\/a><\/span> du r\u00e9seau des biblioth\u00e8ques de Saint-Gall.<\/li>\n<li>Les documents pour lesquels le site indique \u00ab&nbsp;en libre acc\u00e8s&nbsp;\u00bb peuvent \u00eatre consult\u00e9s \u00e0 la Biblioth\u00e8que du textile pendant les heures d\u2019ouverture et, si besoin, emprunt\u00e9s sur pr\u00e9sentation d\u2019une carte de biblioth\u00e8que valable.<\/li>\n<li>Un document d\u00e9j\u00e0 emprunt\u00e9 peut \u00eatre r\u00e9serv\u00e9 via le catalogue en ligne ou \u00e0 la biblioth\u00e8que.<\/li>\n<li>Les documents accompagn\u00e9s de la mention \u00ab Utilisation sur place \u00bb, peuvent \u00eatre consult\u00e9s \u00e0 la Biblioth\u00e8que du textile pendant les heures d&rsquo;ouverture, mais ne peuvent pas \u00eatre emprunt\u00e9s.<\/li>\n<li>Les documents pour lesquels le catalogue de la biblioth\u00e8que indique \u00ab Magazin \u00bb, doivent \u00eatre r\u00e9serv\u00e9s un jour avant d\u2019\u00eatre emprunt\u00e9s ou consult\u00e9s.<\/li>\n<\/ul>\n<h3>Tarifs<\/h3>\n<ul>\n<li>Les frais d\u2019inscription annuels de la biblioth\u00e8que en libre acc\u00e8ss sont de 50.\u2013 CHF. La demande de carte de biblioth\u00e8que peut \u00eatre effectu\u00e9e \u00e0 la Biblioth\u00e8que du textile.<\/li>\n<li>L&rsquo;acc\u00e8s \u00e0 la biblioth\u00e8que est gratuit pour les \u00e9tudiants de moins de 30 ans (en pr\u00e9sentant une carte d\u2019identit\u00e9) ainsi que pour les membres de l\u2019Association du Mus\u00e9e du textile.<\/li>\n<li>Il est possible de b\u00e9n\u00e9ficier d\u2019un abonnement \u00e0 l\u2019essai au tarif de 10.\u2013 CHF, valable trois mois (uniquement).<\/li>\n<\/ul>\n<h3>Dur\u00e9e du pr\u00eat<\/h3>\n<ul>\n<li>L\u2019emprunt est d\u2019une dur\u00e9e de 28 jours. Vous pouvez prolonger un document trois fois, pour autant qu\u2019il ne soit pas r\u00e9serv\u00e9 par un autre abonn\u00e9.<\/li>\n<li>Si la restitution n&rsquo;a toujours pas lieu apr\u00e8s rappel, des frais de retard s&rsquo;appliquent : 1er rappel 5 CHF, 2e rappel 10 CHF, 3e rappel 15 CHF. Les frais sont toujours per\u00e7us par m\u00e9dia.<\/li>\n<\/ul>\n<h3>Pr\u00eat par poste et Pr\u00eat entre biblioth\u00e8ques (PEB)<\/h3>\n<p>Les pr\u00eats par poste et les pr\u00eats entre biblioth\u00e8ques sont possibles pour les documents qui peuvent \u00eatre emprunt\u00e9s, contre un paiement de 10.\u2013 CHF par document (seulement <span style=\"display: inline !important; float: none; background-color: #ffffff; color: #333333; cursor: text; font-family: Georgia,'Times New Roman','Bitstream Charter',Times,serif; font-size: 16px; font-style: normal; font-variant: normal; font-weight: 400; letter-spacing: normal; orphans: 2; text-align: left; text-decoration: none; text-indent: 0px; text-transform: none; -webkit-text-stroke-width: 0px; white-space: normal; word-spacing: 0px;\">en Suisse<\/span>).<\/p>\n","protected":false},"excerpt":{"rendered":"<p>La Biblioth\u00e8que du textile La mode, l\u2019histoire du textile, le design et l\u2019art vous int\u00e9ressent ? Le travail avec des mat\u00e9riaux textiles vous passionne et vous cherchez une source d\u2019inspiration et de l\u2019aide ? Venez \u00e0 la Biblioth\u00e8que en libre acc\u00e8s situ\u00e9e au premier \u00e9tage du Mus\u00e9e du textile. Vous y trouverez un large choix de livres, des catalogues et des mod\u00e8les consacr\u00e9s au textile. Les documents accessibles peuvent \u00eatre consult\u00e9s sur place pendant les heures d\u2019ouverture ou emprunt\u00e9s sur pr\u00e9sentation d\u2019une carte de biblioth\u00e8que. La magnifique salle de la biblioth\u00e8que, dans le style de l\u2019historicisme, vaut \u00e9galement une visite. [&hellip;]<\/p>\n","protected":false},"author":7,"featured_media":12313,"parent":0,"menu_order":1,"comment_status":"open","ping_status":"open","template":"","meta":{"ngg_post_thumbnail":0,"footnotes":""},"class_list":["post-3736","page","type-page","status-publish","has-post-thumbnail","hentry"],"_links":{"self":[{"href":"https:\/\/www.textilmuseum.ch\/fr\/wp-json\/wp\/v2\/pages\/3736","targetHints":{"allow":["GET"]}}],"collection":[{"href":"https:\/\/www.textilmuseum.ch\/fr\/wp-json\/wp\/v2\/pages"}],"about":[{"href":"https:\/\/www.textilmuseum.ch\/fr\/wp-json\/wp\/v2\/types\/page"}],"author":[{"embeddable":true,"href":"https:\/\/www.textilmuseum.ch\/fr\/wp-json\/wp\/v2\/users\/7"}],"replies":[{"embeddable":true,"href":"https:\/\/www.textilmuseum.ch\/fr\/wp-json\/wp\/v2\/comments?post=3736"}],"version-history":[{"count":122,"href":"https:\/\/www.textilmuseum.ch\/fr\/wp-json\/wp\/v2\/pages\/3736\/revisions"}],"predecessor-version":[{"id":27434,"href":"https:\/\/www.textilmuseum.ch\/fr\/wp-json\/wp\/v2\/pages\/3736\/revisions\/27434"}],"wp:featuredmedia":[{"embeddable":true,"href":"https:\/\/www.textilmuseum.ch\/fr\/wp-json\/wp\/v2\/media\/12313"}],"wp:attachment":[{"href":"https:\/\/www.textilmuseum.ch\/fr\/wp-json\/wp\/v2\/media?parent=3736"}],"curies":[{"name":"wp","href":"https:\/\/api.w.org\/{rel}","templated":true}]}}