{"id":3727,"date":"2013-04-16T14:05:44","date_gmt":"2013-04-16T12:05:44","guid":{"rendered":"https:\/\/www.textilmuseum.ch\/heures-douverture\/"},"modified":"2025-10-16T08:27:26","modified_gmt":"2025-10-16T06:27:26","slug":"visite","status":"publish","type":"page","link":"https:\/\/www.textilmuseum.ch\/fr\/visite\/","title":{"rendered":"Visite"},"content":{"rendered":"<h2>Visite du mus\u00e9e<\/h2>\n<p><span class=\"Y2IQFc\" lang=\"fr\">Nous nous r\u00e9jouissons de votre visite au Mus\u00e9e du textile. Vous trouverez ici des informations sur nos <a href=\"https:\/\/www.textilmuseum.ch\/fr\/visite\/admission-horaires-douverture\/\">tarifs d&rsquo;entr\u00e9e et nos heures d&rsquo;ouverture<\/a>, les <a href=\"https:\/\/www.textilmuseum.ch\/fr\/visite\/visite-guidee\/\">visites guid\u00e9es<\/a> et <a href=\"https:\/\/www.textilmuseum.ch\/fr\/visite\/rendre-au-musee\/\">comment vous y rendre<\/a>. <\/span><\/p>\n<p><span class=\"Y2IQFc\" lang=\"fr\">Le b\u00e2timent historique du mus\u00e9e de 1886 n&rsquo;est malheureusement que partiellement accessible. Cependant, il est tr\u00e8s important pour nous de rendre la visite de l&rsquo;exposition la plus agr\u00e9able possible pour les personnes ayant des besoins particuliers. Veuillez contacter notre service d&rsquo;accueil avant votre visite.&nbsp;&nbsp;<\/span><\/p>\n<p>Nous vous remercions de votre compr\u00e9hension : les chiens ne sont pas admis au Mus\u00e9e du Textile. Les chiens guides et d\u2019assistance sont bien entendu les bienvenus.<\/p>\n<h2>Contact<\/h2>\n<p><span class=\"Y2IQFc\" lang=\"fr\">Nous serons heureux de vous fournir des informations, de prendre votre r\u00e9servation de visite.<\/span><\/p>\n<p>Le service des visiteurs est disponible du lundi au vendredi de 10h \u00e0 17h.<\/p>\n<p>service des visiteurs<\/p>\n<p>+41 71 228 00 10<br \/>\n<a href=\"mailto:info@textilmuseum.ch\">info@textilmuseum.ch<\/a><\/p>\n","protected":false},"excerpt":{"rendered":"<p>Visite du mus\u00e9e Nous nous r\u00e9jouissons de votre visite au Mus\u00e9e du textile. Vous trouverez ici des informations sur nos tarifs d&rsquo;entr\u00e9e et nos heures d&rsquo;ouverture, les visites guid\u00e9es et comment vous y rendre. Le b\u00e2timent historique du mus\u00e9e de 1886 n&rsquo;est malheureusement que partiellement accessible. Cependant, il est tr\u00e8s important pour nous de rendre la visite de l&rsquo;exposition la plus agr\u00e9able possible pour les personnes ayant des besoins particuliers. Veuillez contacter notre service d&rsquo;accueil avant votre visite.&nbsp;&nbsp; Nous vous remercions de votre compr\u00e9hension : les chiens ne sont pas admis au Mus\u00e9e du Textile. Les chiens guides et d\u2019assistance [&hellip;]<\/p>\n","protected":false},"author":7,"featured_media":12259,"parent":0,"menu_order":1,"comment_status":"open","ping_status":"open","template":"","meta":{"ngg_post_thumbnail":0,"footnotes":""},"class_list":["post-3727","page","type-page","status-publish","has-post-thumbnail","hentry"],"_links":{"self":[{"href":"https:\/\/www.textilmuseum.ch\/fr\/wp-json\/wp\/v2\/pages\/3727","targetHints":{"allow":["GET"]}}],"collection":[{"href":"https:\/\/www.textilmuseum.ch\/fr\/wp-json\/wp\/v2\/pages"}],"about":[{"href":"https:\/\/www.textilmuseum.ch\/fr\/wp-json\/wp\/v2\/types\/page"}],"author":[{"embeddable":true,"href":"https:\/\/www.textilmuseum.ch\/fr\/wp-json\/wp\/v2\/users\/7"}],"replies":[{"embeddable":true,"href":"https:\/\/www.textilmuseum.ch\/fr\/wp-json\/wp\/v2\/comments?post=3727"}],"version-history":[{"count":116,"href":"https:\/\/www.textilmuseum.ch\/fr\/wp-json\/wp\/v2\/pages\/3727\/revisions"}],"predecessor-version":[{"id":26868,"href":"https:\/\/www.textilmuseum.ch\/fr\/wp-json\/wp\/v2\/pages\/3727\/revisions\/26868"}],"wp:featuredmedia":[{"embeddable":true,"href":"https:\/\/www.textilmuseum.ch\/fr\/wp-json\/wp\/v2\/media\/12259"}],"wp:attachment":[{"href":"https:\/\/www.textilmuseum.ch\/fr\/wp-json\/wp\/v2\/media?parent=3727"}],"curies":[{"name":"wp","href":"https:\/\/api.w.org\/{rel}","templated":true}]}}