{"id":3716,"date":"2013-04-16T13:38:05","date_gmt":"2013-04-16T11:38:05","guid":{"rendered":"https:\/\/www.textilmuseum.ch\/boutique-du-musee-du-textile\/"},"modified":"2025-02-06T15:45:42","modified_gmt":"2025-02-06T14:45:42","slug":"boutique-du-musee-du-textile","status":"publish","type":"page","link":"https:\/\/www.textilmuseum.ch\/fr\/boutique-du-musee-du-textile\/","title":{"rendered":"Boutique du Mus\u00e9e du textile"},"content":{"rendered":"<h4>Boutique du mus\u00e9e<\/h4>\n<p>Du textile avec style\u00a0: install\u00e9e dans l\u2019ancien bureau de la direction, notre boutique du mus\u00e9e propose une s\u00e9lection d\u2019articles exclusifs dans une ambiance feutr\u00e9e. Notre gamme se compose de foulards color\u00e9s, de bijoux textiles raffin\u00e9s, mais aussi de \u00ab\u00a0Glarnert\u00fcechli\u00a0\u00bb, les foulards traditionnels de Glaris. Vous trouverez \u00e9galement dans notre boutique des broderies et autres tr\u00e9sors de la r\u00e9gion du textile de la Suisse orientale, ainsi que des cr\u00e9ations innovantes de jeunes designers suisses et des objets souvenirs classiques.<\/p>\n<p>La boutique se situe au rez-de-chauss\u00e9e du Mus\u00e9e du textile ; elle est \u00e9galement accessible sans billet d\u2019entr\u00e9e au mus\u00e9e. Nous n&rsquo;avons pas de boutique en ligne, mais nous envoyons volontiers les articles de la boutique en Suisse sur demande avec Twint ou avec paiement anticip\u00e9.<\/p>\n<h2>Contact<\/h2>\n<p>Boutique du mus\u00e9e<br \/>\n<a href=\"mailto:info@textilmuseum.ch\">info@textilmuseum.ch<\/a><br \/>\n+41 71 228 00 10<\/p>\n","protected":false},"excerpt":{"rendered":"<p>Boutique du mus\u00e9e Du textile avec style\u00a0: install\u00e9e dans l\u2019ancien bureau de la direction, notre boutique du mus\u00e9e propose une s\u00e9lection d\u2019articles exclusifs dans une ambiance feutr\u00e9e. Notre gamme se compose de foulards color\u00e9s, de bijoux textiles raffin\u00e9s, mais aussi de \u00ab\u00a0Glarnert\u00fcechli\u00a0\u00bb, les foulards traditionnels de Glaris. Vous trouverez \u00e9galement dans notre boutique des broderies et autres tr\u00e9sors de la r\u00e9gion du textile de la Suisse orientale, ainsi que des cr\u00e9ations innovantes de jeunes designers suisses et des objets souvenirs classiques. La boutique se situe au rez-de-chauss\u00e9e du Mus\u00e9e du textile ; elle est \u00e9galement accessible sans billet d\u2019entr\u00e9e au [&hellip;]<\/p>\n","protected":false},"author":7,"featured_media":12153,"parent":0,"menu_order":4,"comment_status":"closed","ping_status":"closed","template":"","meta":{"ngg_post_thumbnail":0,"footnotes":""},"class_list":["post-3716","page","type-page","status-publish","has-post-thumbnail","hentry"],"_links":{"self":[{"href":"https:\/\/www.textilmuseum.ch\/fr\/wp-json\/wp\/v2\/pages\/3716","targetHints":{"allow":["GET"]}}],"collection":[{"href":"https:\/\/www.textilmuseum.ch\/fr\/wp-json\/wp\/v2\/pages"}],"about":[{"href":"https:\/\/www.textilmuseum.ch\/fr\/wp-json\/wp\/v2\/types\/page"}],"author":[{"embeddable":true,"href":"https:\/\/www.textilmuseum.ch\/fr\/wp-json\/wp\/v2\/users\/7"}],"replies":[{"embeddable":true,"href":"https:\/\/www.textilmuseum.ch\/fr\/wp-json\/wp\/v2\/comments?post=3716"}],"version-history":[{"count":26,"href":"https:\/\/www.textilmuseum.ch\/fr\/wp-json\/wp\/v2\/pages\/3716\/revisions"}],"predecessor-version":[{"id":24365,"href":"https:\/\/www.textilmuseum.ch\/fr\/wp-json\/wp\/v2\/pages\/3716\/revisions\/24365"}],"wp:featuredmedia":[{"embeddable":true,"href":"https:\/\/www.textilmuseum.ch\/fr\/wp-json\/wp\/v2\/media\/12153"}],"wp:attachment":[{"href":"https:\/\/www.textilmuseum.ch\/fr\/wp-json\/wp\/v2\/media?parent=3716"}],"curies":[{"name":"wp","href":"https:\/\/api.w.org\/{rel}","templated":true}]}}