{"id":3713,"date":"2013-04-16T13:30:33","date_gmt":"2013-04-16T11:30:33","guid":{"rendered":"https:\/\/www.textilmuseum.ch\/association-cercle-des-amis-du-musee\/"},"modified":"2026-01-12T16:45:53","modified_gmt":"2026-01-12T15:45:53","slug":"association","status":"publish","type":"page","link":"https:\/\/www.textilmuseum.ch\/fr\/association\/","title":{"rendered":"Association du mus\u00e9e du textile"},"content":{"rendered":"<h2>L\u00b4Association du mus\u00e9e du textile de St Gall<\/h2>\n<p>La gestion du Mus\u00e9e du textile rel\u00e8ve de la comp\u00e9tence de l\u00b4Association depuis le 1<sup>er<\/sup> janvier 2012. Son r\u00f4le est la sauvegarde et la promotion \u00e0 long terme du fonds du mus\u00e9e. Il a besoin pour ce faire de l\u00b4engagement de toute la population. Les collections du mus\u00e9e, de m\u00eame que celles de la Biblioth\u00e8que du textile, sont profond\u00e9ment enracin\u00e9es dans l\u00b4histoire de l\u00b4industrie locale et d\u00b4int\u00e9r\u00eat majeur sur le plan international. Dans ce sens, elles doivent \u00eatre pr\u00e9sent\u00e9es et conserv\u00e9es comme elles le m\u00e9ritent. Les expositions du mus\u00e9e et ses activit\u00e9s visent \u00e0 sensibiliser le public aux \u00e9volutions de la soci\u00e9t\u00e9 depuis le Moyen Age par le biais des productions textiles des diff\u00e9rentes \u00e9poques et \u00e0 faciliter l\u00b4acc\u00e8s \u00e0 l\u00b4univers des textiles contemporains et leurs technologies de pointe. Le mus\u00e9e s\u00b4int\u00e9resse depuis sa cr\u00e9ation, en 1878, aux diverses facettes du design et de sa valeur dans un contexte social donn\u00e9. C\u00b4est ainsi que les collections renferment plus de1\u2019400 ans de cr\u00e9ations textiles remarquables venues du monde entier et tout particuli\u00e8rement, bien s\u00fbr, de Suisse. Le mus\u00e9e du textile veut, dans l\u00b4esprit de cette \u00abm\u00e9moire textile\u00bb, continuer \u00e0 tisser ce fil, non seulement au service des cr\u00e9ateurs professionnels, mais aussi de tous ceux qui s\u00b4int\u00e9ressent \u00e0 l\u00b4histoire, la technique ou la mode. Le mus\u00e9e a besoin de l\u00b4appui du public d\u00b4une part, de celui de l\u00b4industrie textile et de la science d\u00b4autre part, pour r\u00e9ussir dans les missions qu\u00b4il s\u00b4est fix\u00e9es. Autant sur le plan financier que social. En devenant membre de l\u00b4Association du mus\u00e9e du textile de St Gall, vous attestez au Mus\u00e9e du textile de St Gall sa capacit\u00e9 \u00e0 forger l\u00b4identit\u00e9 r\u00e9gionale et vous l\u00b4aidez \u00e0 remplir sa mission qui consiste \u00e0 \u00e9clairer le pass\u00e9 comme l\u00b4avenir. Les diff\u00e9rentes options d\u00b4adh\u00e9sion \u00e0 l\u00b4Association du mus\u00e9e du textile de St Gall vous permettront de trouver celle qui vous convient.<\/p>\n<h3>Conseil d&rsquo;administration<\/h3>\n<p>Carmen Fleisch-Otten<br \/>\nPr\u00e9sidente<\/p>\n<p class=\"x_x_MsoNormal\">Roland Bentele<br \/>\nHeinrich Christen<br \/>\nKatharina Epprecht<br \/>\nEmanuel Forster<br \/>\nPeter&nbsp;<span class=\"x_x_SpellE\">Kriemler<\/span><br \/>\nIsabel Schorer<br \/>\nMatthias Tischhauser<br \/>\nSilvan Wildhaber<\/p>\n<p>Tobias Forster<br \/>\nPr\u00e9sident d&rsquo;honneur<\/p>\n<h3>Nous remercions<\/h3>\n<p>AG Cilander<br \/>\nAKRIS AG<br \/>\nBischoff Textil AG<br \/>\nChristian Fischbacher Co. AG<br \/>\nFiltex AG<br \/>\nForster Rohner Gruppe<br \/>\nSt. Galler Kantonalbank<br \/>\nTextilland Ostschweiz<br \/>\nGabriele Thorbecke<br \/>\nTisca-Tiara Stiftung<br \/>\nUBS Switzerland AG<br \/>\nVZ Verm\u00f6genszentrum AG<\/p>\n","protected":false},"excerpt":{"rendered":"<p>L\u00b4Association du mus\u00e9e du textile de St Gall La gestion du Mus\u00e9e du textile rel\u00e8ve de la comp\u00e9tence de l\u00b4Association depuis le 1er janvier 2012. Son r\u00f4le est la sauvegarde et la promotion \u00e0 long terme du fonds du mus\u00e9e. Il a besoin pour ce faire de l\u00b4engagement de toute la population. Les collections du mus\u00e9e, de m\u00eame que celles de la Biblioth\u00e8que du textile, sont profond\u00e9ment enracin\u00e9es dans l\u00b4histoire de l\u00b4industrie locale et d\u00b4int\u00e9r\u00eat majeur sur le plan international. Dans ce sens, elles doivent \u00eatre pr\u00e9sent\u00e9es et conserv\u00e9es comme elles le m\u00e9ritent. Les expositions du mus\u00e9e et ses activit\u00e9s [&hellip;]<\/p>\n","protected":false},"author":7,"featured_media":381,"parent":0,"menu_order":3,"comment_status":"closed","ping_status":"closed","template":"","meta":{"ngg_post_thumbnail":0,"footnotes":""},"class_list":["post-3713","page","type-page","status-publish","has-post-thumbnail","hentry"],"_links":{"self":[{"href":"https:\/\/www.textilmuseum.ch\/fr\/wp-json\/wp\/v2\/pages\/3713","targetHints":{"allow":["GET"]}}],"collection":[{"href":"https:\/\/www.textilmuseum.ch\/fr\/wp-json\/wp\/v2\/pages"}],"about":[{"href":"https:\/\/www.textilmuseum.ch\/fr\/wp-json\/wp\/v2\/types\/page"}],"author":[{"embeddable":true,"href":"https:\/\/www.textilmuseum.ch\/fr\/wp-json\/wp\/v2\/users\/7"}],"replies":[{"embeddable":true,"href":"https:\/\/www.textilmuseum.ch\/fr\/wp-json\/wp\/v2\/comments?post=3713"}],"version-history":[{"count":28,"href":"https:\/\/www.textilmuseum.ch\/fr\/wp-json\/wp\/v2\/pages\/3713\/revisions"}],"predecessor-version":[{"id":27226,"href":"https:\/\/www.textilmuseum.ch\/fr\/wp-json\/wp\/v2\/pages\/3713\/revisions\/27226"}],"wp:featuredmedia":[{"embeddable":true,"href":"https:\/\/www.textilmuseum.ch\/fr\/wp-json\/wp\/v2\/media\/381"}],"wp:attachment":[{"href":"https:\/\/www.textilmuseum.ch\/fr\/wp-json\/wp\/v2\/media?parent=3713"}],"curies":[{"name":"wp","href":"https:\/\/api.w.org\/{rel}","templated":true}]}}