{"id":3710,"date":"2013-04-16T11:54:31","date_gmt":"2013-04-16T09:54:31","guid":{"rendered":"https:\/\/www.textilmuseum.ch\/orientation-strategique-du-musee\/"},"modified":"2013-04-16T11:54:31","modified_gmt":"2013-04-10T09:54:31","slug":"orientation-strategique-du-musee","status":"publish","type":"page","link":"https:\/\/www.textilmuseum.ch\/fr\/orientation-strategique-du-musee\/","title":{"rendered":"Orientation strat\u00e9gique du mus\u00e9e"},"content":{"rendered":"<h1>Orientation strat\u00e9gique du mus\u00e9e<\/h1>\n<p>Le rayonnement international du mus\u00e9e repose sur son ancrage dans le paysage textile de la Suisse et ses multiples traditions. Avec ses collections uniques, il poss\u00e8de tous les \u00e9l\u00e9ments requis pour r\u00e9aliser des expositions internationales, mais aussi pour \u00eatre un \u00ab grenier \u00e0 id\u00e9es \u00bb pour les cr\u00e9ateurs et leurs innovations. Il est solidement enracin\u00e9 dans le secteur textile suisse, secteur qui, durant des si\u00e8cles, a marqu\u00e9 la vie \u00e9conomique et sociale de la Suisse.<\/p>\n<p>Les expositions, de m\u00eame que les acquisitions, se concentrent syst\u00e9matiquement sur la cr\u00e9ation textile suisse de tous les secteurs et de toutes les r\u00e9gions, m\u00eame si, jusqu\u00b4\u00e0 maintenant, broderie et dentelle sont les sp\u00e9cialisations fondamentales.<\/p>\n<p>Conservation, documentation scientifique et enrichissement des collections et de la biblioth\u00e8que sont au centre des activit\u00e9s du mus\u00e9e et garantissent la vitalit\u00e9 des collections.<\/p>\n<p>Le mus\u00e9e utilise ses expositions et ses activit\u00e9s pour permettre \u00e0 un large public d\u00b4acc\u00e9der \u00e0 l\u00b4univers des textiles, pour rendre hommage aux r\u00e9alisations artistiques, techniques et commerciales d\u00b4individus ou de collectivit\u00e9s et susciter l\u00b4estime qu\u00b4il m\u00e9ritent. Des projets interactifs permettent aux visiteurs de faire valoir leurs comp\u00e9tences. Le mus\u00e9e accorde une place toute particuli\u00e8re \u00e0 la collaboration avec les \u00e9coles.<\/p>\n<p>La cr\u00e9ation du Mus\u00e9e du textile avait pour but de mettre une collection de mod\u00e8les \u00e0 la disposition de l\u00b4industrie et, dans cette tradition, il veut \u00eatre aujourd\u00b4hui une plateforme d\u00b4inspiration et de d\u00e9bats publics pour les sp\u00e9cialistes du textile, cr\u00e9ateurs, producteurs et acheteurs. Il veut renforcer la collaboration avec la F\u00e9d\u00e9ration du textile et les Ecoles sup\u00e9rieures.<\/p>\n<p>A travers la mode et le design, il aborde les questions de soci\u00e9t\u00e9 du pass\u00e9 et du pr\u00e9sent.<\/p>\n<p>Il \u00e9tablit des relations entre les \u00e9volutions techniques et stylistiques des textiles et d\u00b4autres domaines des arts appliqu\u00e9s et de la technologie, et fait appara\u00eetre leur place dans l\u00b4\u00e9volution globale de la soci\u00e9t\u00e9.<\/p>\n<p>Le mus\u00e9e \u00e9tudie les \u00e9volutions actuelles du secteur textile, tout comme les corr\u00e9lations dans le contexte g\u00e9n\u00e9ral.<\/p>\n<p>Ses collections, qui ont une valeur universelle, sont un rep\u00e8re dans la conscience collective. Pour St Gall, lieu de tourisme, le Mus\u00e9e du textile repr\u00e9sente un attrait de premier plan.<\/p>\n<p>Avec l\u00b4Association \u00ab<a href=\"https:\/\/www.textilmuseum.ch\/fr\/association-cercle-des-amis-du-musee\/?lang=fr\"><span class=\"gold\">les Amis du mus\u00e9e<\/span><\/a>\u00bbil vise \u00e0 \u00e9largir sa base s\u00b4ancrage au sein de la population.<\/p>\n","protected":false},"excerpt":{"rendered":"<p>Orientation strat\u00e9gique du mus\u00e9e Le rayonnement international du mus\u00e9e repose sur son ancrage dans le paysage textile de la Suisse et ses multiples traditions. Avec ses collections uniques, il poss\u00e8de tous les \u00e9l\u00e9ments requis pour r\u00e9aliser des expositions internationales, mais aussi pour \u00eatre un \u00ab grenier \u00e0 id\u00e9es \u00bb pour les cr\u00e9ateurs et leurs innovations. Il est solidement enracin\u00e9 dans le secteur textile suisse, secteur qui, durant des si\u00e8cles, a marqu\u00e9 la vie \u00e9conomique et sociale de la Suisse. Les expositions, de m\u00eame que les acquisitions, se concentrent syst\u00e9matiquement sur la cr\u00e9ation textile suisse de tous les secteurs et de [&hellip;]<\/p>\n","protected":false},"author":7,"featured_media":0,"parent":0,"menu_order":0,"comment_status":"closed","ping_status":"closed","template":"","meta":{"ngg_post_thumbnail":0,"footnotes":""},"class_list":["post-3710","page","type-page","status-publish","hentry"],"_links":{"self":[{"href":"https:\/\/www.textilmuseum.ch\/fr\/wp-json\/wp\/v2\/pages\/3710","targetHints":{"allow":["GET"]}}],"collection":[{"href":"https:\/\/www.textilmuseum.ch\/fr\/wp-json\/wp\/v2\/pages"}],"about":[{"href":"https:\/\/www.textilmuseum.ch\/fr\/wp-json\/wp\/v2\/types\/page"}],"author":[{"embeddable":true,"href":"https:\/\/www.textilmuseum.ch\/fr\/wp-json\/wp\/v2\/users\/7"}],"replies":[{"embeddable":true,"href":"https:\/\/www.textilmuseum.ch\/fr\/wp-json\/wp\/v2\/comments?post=3710"}],"version-history":[{"count":0,"href":"https:\/\/www.textilmuseum.ch\/fr\/wp-json\/wp\/v2\/pages\/3710\/revisions"}],"wp:attachment":[{"href":"https:\/\/www.textilmuseum.ch\/fr\/wp-json\/wp\/v2\/media?parent=3710"}],"curies":[{"name":"wp","href":"https:\/\/api.w.org\/{rel}","templated":true}]}}