{"id":3707,"date":"2013-04-16T11:54:03","date_gmt":"2013-04-16T09:54:03","guid":{"rendered":"https:\/\/www.textilmuseum.ch\/historique\/"},"modified":"2021-05-06T16:36:41","modified_gmt":"2021-05-06T14:36:41","slug":"historique","status":"publish","type":"page","link":"https:\/\/www.textilmuseum.ch\/fr\/historique\/","title":{"rendered":"Mus\u00e9e du textile"},"content":{"rendered":"<h4>Le Mus\u00e9e du textile<\/h4>\n<p>Le Mus\u00e9e du textile de St-Gall g\u00e8re aujourd\u2019hui un fonds de <a href=\"https:\/\/www.textilmuseum.ch\/fr\/les-collections\/\">collection<\/a> d\u2019environ 56 000 objets. Il organise deux \u00e0 trois expositions th\u00e9matiques par an, qui compl\u00e8tent l\u2019exposition permanente consacr\u00e9e \u00e0 l\u2019histoire du textile de la Suisse orientale. Le mus\u00e9e propose \u00e9galement un large programme de manifestations, des activit\u00e9s p\u00e9dagogiques mus\u00e9ales et dispose d\u2019une <a href=\"https:\/\/www.textilmuseum.ch\/fr\/boutique-du-musee-du-textile\/\">boutique<\/a> pour le plus grand plaisir de visiteuses et visiteurs suisses et \u00e9trangers.<\/p>\n<h2>Les d\u00e9buts au XIX<sup>e<\/sup>&nbsp;si\u00e8cle<\/h2>\n<p>Inspir\u00e9 par les expositions universelles, \u00e0 savoir les manifestations techniques et artisanales, qui passionnaient un large public d\u00e8s la seconde moiti\u00e9 du XIX<sup>e<\/sup>&nbsp;si\u00e8cle, le <em>Directoire commercial<\/em> r\u00e9unit en&nbsp;1863 les premi\u00e8res collections d\u2019\u00e9chantillons pour l\u2019industrie du textile r\u00e9gionale. En&nbsp;1878, le \u00ab&nbsp;mus\u00e9e de l\u2019industrie et de l\u2019artisanat de St-Gall&nbsp;\u00bb est cr\u00e9\u00e9. Il ouvrira ses portes au public en&nbsp;1886 dans un ancien b\u00e2timent de l\u2019historicisme aux allures de palais, situ\u00e9 sur l\u2019ancien terrain du Seidenhof sur la Vadianstrasse. Le b\u00e2timent, dont les plans ont \u00e9t\u00e9 r\u00e9alis\u00e9s par l\u2019architecte zurichois Gustav Gull, est \u00e9galement surnomm\u00e9 \u00ab&nbsp;Palazzo Rosso&nbsp;\u00bb en raison de sa fa\u00e7ade en brique rouge. Outre les collections du <em>Directoire commercial,<\/em> le b\u00e2timent abrite la Biblioth\u00e8que du textile, l\u2019\u00e9cole du dessin et, \u00e0 partir de de 1890, l\u2019\u00e9cole de broderie.<\/p>\n<h2>De la collection de mod\u00e8les au mus\u00e9e moderne<\/h2>\n<p>\u00c0 partir de&nbsp;1900, les expositions temporaires se multiplient. Elles sont pour le mus\u00e9e l\u2019occasion d\u2019acc\u00e9der \u00e0 des collections priv\u00e9es et des archives d\u2019entreprises importantes, qui, au cours des d\u00e9cennies, font leur entr\u00e9e au mus\u00e9e. Elles enrichissent les collections d\u2019\u00e9chantillons originales de pr\u00e9cieux textiles historiques, qui servaient jadis de mod\u00e8les aux industriels du textile pour leur propre production et qui, aujourd\u2019hui encore, sont les pi\u00e8ces phares de la collection du mus\u00e9e.<br \/>\nAu fil des ans, la collection continue de s\u2019agrandir. Le besoin de place se fait sentir et c\u2019est ainsi qu\u2019en&nbsp;1956, une sur\u00e9l\u00e9vation du b\u00e2timent abritant le mus\u00e9e est construite, modifiant compl\u00e8tement l\u2019apparence de l\u2019ouvrage, tout comme le cr\u00e9pi de couleur grise ajout\u00e9 \u00e0 la fa\u00e7ade du mus\u00e9e en&nbsp;1962.<br \/>\nEn 1982, le Mus\u00e9e de l\u2019industrie et de l\u2019artisanat est rebaptis\u00e9 en \u00ab Mus\u00e9e du textile \u00bb et \u00ab Biblioth\u00e8que du textile \u00bb. Cette derni\u00e8re est agrandie en 1987\/88. En 1991, le Mus\u00e9e du textile et la Biblioth\u00e8que du textile sont rattach\u00e9s \u00e0 la Fondation IHK. La gestion du Mus\u00e9e du textile rel\u00e8ve de la comp\u00e9tence de l\u2019<a href=\"https:\/\/www.textilmuseum.ch\/fr\/association\/\">Association du Mus\u00e9e du textile<\/a> depuis&nbsp;2012. Cette association travaille en \u00e9troite collaboration avec la <a href=\"https:\/\/www.textilmuseum.ch\/fr\/fondation\/\">Fondation du Mus\u00e9e du textile<\/a>, dans laquelle la Fondation IHK a \u00e9t\u00e9 int\u00e9gr\u00e9e en 2019.<\/p>\n","protected":false},"excerpt":{"rendered":"<p>Le Mus\u00e9e du textile Le Mus\u00e9e du textile de St-Gall g\u00e8re aujourd\u2019hui un fonds de collection d\u2019environ 56 000 objets. Il organise deux \u00e0 trois expositions th\u00e9matiques par an, qui compl\u00e8tent l\u2019exposition permanente consacr\u00e9e \u00e0 l\u2019histoire du textile de la Suisse orientale. Le mus\u00e9e propose \u00e9galement un large programme de manifestations, des activit\u00e9s p\u00e9dagogiques mus\u00e9ales et dispose d\u2019une boutique pour le plus grand plaisir de visiteuses et visiteurs suisses et \u00e9trangers. Les d\u00e9buts au XIXe&nbsp;si\u00e8cle Inspir\u00e9 par les expositions universelles, \u00e0 savoir les manifestations techniques et artisanales, qui passionnaient un large public d\u00e8s la seconde moiti\u00e9 du XIXe&nbsp;si\u00e8cle, le Directoire [&hellip;]<\/p>\n","protected":false},"author":7,"featured_media":12210,"parent":0,"menu_order":0,"comment_status":"closed","ping_status":"closed","template":"","meta":{"ngg_post_thumbnail":0,"footnotes":""},"class_list":["post-3707","page","type-page","status-publish","has-post-thumbnail","hentry"],"_links":{"self":[{"href":"https:\/\/www.textilmuseum.ch\/fr\/wp-json\/wp\/v2\/pages\/3707","targetHints":{"allow":["GET"]}}],"collection":[{"href":"https:\/\/www.textilmuseum.ch\/fr\/wp-json\/wp\/v2\/pages"}],"about":[{"href":"https:\/\/www.textilmuseum.ch\/fr\/wp-json\/wp\/v2\/types\/page"}],"author":[{"embeddable":true,"href":"https:\/\/www.textilmuseum.ch\/fr\/wp-json\/wp\/v2\/users\/7"}],"replies":[{"embeddable":true,"href":"https:\/\/www.textilmuseum.ch\/fr\/wp-json\/wp\/v2\/comments?post=3707"}],"version-history":[{"count":14,"href":"https:\/\/www.textilmuseum.ch\/fr\/wp-json\/wp\/v2\/pages\/3707\/revisions"}],"predecessor-version":[{"id":16842,"href":"https:\/\/www.textilmuseum.ch\/fr\/wp-json\/wp\/v2\/pages\/3707\/revisions\/16842"}],"wp:featuredmedia":[{"embeddable":true,"href":"https:\/\/www.textilmuseum.ch\/fr\/wp-json\/wp\/v2\/media\/12210"}],"wp:attachment":[{"href":"https:\/\/www.textilmuseum.ch\/fr\/wp-json\/wp\/v2\/media?parent=3707"}],"curies":[{"name":"wp","href":"https:\/\/api.w.org\/{rel}","templated":true}]}}