{"id":19334,"date":"2022-09-14T11:38:14","date_gmt":"2022-09-14T09:38:14","guid":{"rendered":"https:\/\/www.textilmuseum.ch\/?page_id=19334"},"modified":"2025-01-08T17:06:38","modified_gmt":"2025-01-08T16:06:38","slug":"visite-guidee","status":"publish","type":"page","link":"https:\/\/www.textilmuseum.ch\/fr\/visite\/visite-guidee\/","title":{"rendered":"Visite guid\u00e9e"},"content":{"rendered":"<h4>Visite du mus\u00e9e<\/h4>\n<h2><span class=\"Y2IQFc\" lang=\"fr\">Visites publiques <\/span><\/h2>\n<p><span class=\"Y2IQFc\" lang=\"fr\">Nous proposons une visite guid\u00e9e gratuite des expositions en cours chaque premier dimanche du mois de 11h \u00e0 12h.<\/span><\/p>\n<h2>Visites priv\u00e9es<\/h2>\n<p>Nous prions les groupes de 15 personnes ou plus de r\u00e9server une visite guid\u00e9e.<\/p>\n<p>Organisez une visite priv\u00e9e du Mus\u00e9e du textile&nbsp;! Elles sont propos\u00e9es sur demande en allemand, en anglais et en fran\u00e7ais, et sont \u00e9galement possibles en dehors des heures d\u2019ouverture du mus\u00e9e. Les groupes sont limit\u00e9s \u00e0 25&nbsp;personnes, mais il est possible d\u2019organiser plusieurs visites en m\u00eame temps.<\/p>\n<h3>Des Variantes<\/h3>\n<h3>Variantes 1-6 (1-25 personnes par groupe)<\/h3>\n<p>Nous proposons diverses visites guid\u00e9es pour les groupes :<\/p>\n<p>Variante 1<br \/>\nvous visitez l\u2019une des <a href=\"https:\/\/www.textilmuseum.ch\/fr\/category\/exhibitions\/\">expositions<\/a> de la maison. Cette visite dure 1h et&nbsp; co\u00fbte&nbsp; 140 CHF.<\/p>\n<p>Variante 2<br \/>\nvous visitez la <a href=\"https:\/\/www.textilmuseum.ch\/fr\/bibliotheque\/\">biblioth\u00e8que du textile<\/a> de la maison. Cette visite dure 1h et&nbsp; co\u00fbte 140 CHF.<\/p>\n<p>Variante 3<br \/>\nvous visitez l\u2019une des <a href=\"https:\/\/www.textilmuseum.ch\/fr\/category\/exhibitions\/\">expositions<\/a> et la <a href=\"https:\/\/www.textilmuseum.ch\/fr\/bibliotheque\/\">biblioth\u00e8que du textil<\/a>e de la maison. Cette visite dure 1h30 et&nbsp; co\u00fbte 210 CHF.&nbsp;<\/p>\n<p>Variante 4<br \/>\nVous visitez les deux <a href=\"https:\/\/www.textilmuseum.ch\/fr\/category\/exhibitions\/\">expositions<\/a> dans la maison. Cette visite dure environ 1h30 et co\u00fbte 210 CHF .&nbsp;<\/p>\n<p>Variante 5<br \/>\nVous visitez les deux <a href=\"https:\/\/www.textilmuseum.ch\/fr\/category\/exhibitions\/\">expositions<\/a> et la <a href=\"https:\/\/www.textilmuseum.ch\/fr\/bibliotheque\/\">biblioth\u00e8que du textil<\/a>e de la maison. Cette visite dure 2h et&nbsp; co\u00fbte 280 CHF.&nbsp;<\/p>\n<p>Variante 6<\/p>\n<p>En plus des visites guid\u00e9es du Mus\u00e9e du textile, nous proposons des visites guid\u00e9es de la&nbsp;<a href=\"https:\/\/troeckneturm.ch\/\">Tr\u00f6ckneturm St.Gallen<\/a>, l\u2019un des plus importants monuments industriels de la r\u00e9gion. Vous pouvez obtenir des informations d\u00e9taill\u00e9es&nbsp;<a href=\"https:\/\/www.textilmuseum.ch\/fr\/le-troeckneturm\/\" target=\"_blank\" rel=\"noopener noreferrer\">ici<\/a>. Cette visite guid\u00e9e dure environ 1h et co\u00fbte 250 CHF.&nbsp;<\/p>\n<p>Pour les visites guid\u00e9es qui commencent avant 10 heures ou se terminent apr\u00e8s 17 heures, des frais suppl\u00e9mentaires sont factur\u00e9s.&nbsp;<\/p>\n<ul>\n<li>D\u00e9but de la visite entre 8h-10h : 150 CHF<\/li>\n<li>Fin de la visite entre 17h-19h : 150 CHF<\/li>\n<li>Fin de la visite entre 19h-21h : 300 CHF<\/li>\n<li>Fin de la visite entre 21-22 heures : 500 CHF<\/li>\n<\/ul>\n<p>Tous les prix s\u2019entendent hors frais d\u2019entr\u00e9e au mus\u00e9e. &nbsp;Les visites priv\u00e9es se font uniquement sur r\u00e9servation. Les visites priv\u00e9es ne sont possibles que sur r\u00e9servation. Veuillez r\u00e9server votre\/vos visite(s) guid\u00e9e(s) au moins 2 semaines \u00e0 l&rsquo;avance, les visites en langue \u00e9trang\u00e8re au moins 4 semaines.<\/p>\n<h3>Visites guid\u00e9es de la tour Tr\u00f6ckneturm<\/h3>\n<p>Sur demande, nous organisons des visites guid\u00e9es de la <a href=\"https:\/\/troeckneturm.ch\/\">Tr\u00f6ckneturm<\/a>, un b\u00e2timent remarquable datant de l&rsquo;\u00e2ge d&rsquo;or de l&rsquo;industrie textile. La visite guid\u00e9e co\u00fbte 250 CHF, plus l&rsquo;entr\u00e9e, et peut \u00eatre r\u00e9serv\u00e9e aupr\u00e8s du service des visiteurs du Mus\u00e9e du textile.<\/p>\n<p>Entr\u00e9e \u00e0 la tour Tr\u00f6ckneturm<\/p>\n<p>Adultes : 5 CHF<br \/>\nTarif de groupe (\u00e0 partir de 6 pers.) : 3 CHF<br \/>\nEnfants + jeunes jusqu&rsquo;\u00e0 18 ans : 2 CHF<\/p>\n<h2>&nbsp;<\/h2>\n<h2>Contact<\/h2>\n<p><span class=\"Y2IQFc\" lang=\"fr\">Nous nous ferons un plaisir de vous renseigner et de recevoir vos r\u00e9servations pour le service des visiteurs.<br \/>\n<\/span>Le service des visiteurs est disponible du lundi au vendredi de 10h \u00e0 17h.<\/p>\n<p>\nService des Visiteurs<br \/>\n+41 228 00 10<br \/>\n<a href=\"mailto:info@textilmuseum.ch\">info@textilmuseum.ch<\/a><\/p>\n","protected":false},"excerpt":{"rendered":"<p>Visite du mus\u00e9e Visites publiques Nous proposons une visite guid\u00e9e gratuite des expositions en cours chaque premier dimanche du mois de 11h \u00e0 12h. Visites priv\u00e9es Nous prions les groupes de 15 personnes ou plus de r\u00e9server une visite guid\u00e9e. Organisez une visite priv\u00e9e du Mus\u00e9e du textile&nbsp;! Elles sont propos\u00e9es sur demande en allemand, en anglais et en fran\u00e7ais, et sont \u00e9galement possibles en dehors des heures d\u2019ouverture du mus\u00e9e. Les groupes sont limit\u00e9s \u00e0 25&nbsp;personnes, mais il est possible d\u2019organiser plusieurs visites en m\u00eame temps. Des Variantes Variantes 1-6 (1-25 personnes par groupe) Nous proposons diverses visites guid\u00e9es [&hellip;]<\/p>\n","protected":false},"author":7,"featured_media":0,"parent":3727,"menu_order":0,"comment_status":"closed","ping_status":"closed","template":"","meta":{"ngg_post_thumbnail":0,"footnotes":""},"class_list":["post-19334","page","type-page","status-publish","hentry"],"_links":{"self":[{"href":"https:\/\/www.textilmuseum.ch\/fr\/wp-json\/wp\/v2\/pages\/19334","targetHints":{"allow":["GET"]}}],"collection":[{"href":"https:\/\/www.textilmuseum.ch\/fr\/wp-json\/wp\/v2\/pages"}],"about":[{"href":"https:\/\/www.textilmuseum.ch\/fr\/wp-json\/wp\/v2\/types\/page"}],"author":[{"embeddable":true,"href":"https:\/\/www.textilmuseum.ch\/fr\/wp-json\/wp\/v2\/users\/7"}],"replies":[{"embeddable":true,"href":"https:\/\/www.textilmuseum.ch\/fr\/wp-json\/wp\/v2\/comments?post=19334"}],"version-history":[{"count":22,"href":"https:\/\/www.textilmuseum.ch\/fr\/wp-json\/wp\/v2\/pages\/19334\/revisions"}],"predecessor-version":[{"id":24279,"href":"https:\/\/www.textilmuseum.ch\/fr\/wp-json\/wp\/v2\/pages\/19334\/revisions\/24279"}],"up":[{"embeddable":true,"href":"https:\/\/www.textilmuseum.ch\/fr\/wp-json\/wp\/v2\/pages\/3727"}],"wp:attachment":[{"href":"https:\/\/www.textilmuseum.ch\/fr\/wp-json\/wp\/v2\/media?parent=19334"}],"curies":[{"name":"wp","href":"https:\/\/api.w.org\/{rel}","templated":true}]}}