{"id":19326,"date":"2022-09-14T11:37:47","date_gmt":"2022-09-14T09:37:47","guid":{"rendered":"https:\/\/www.textilmuseum.ch\/?page_id=19326"},"modified":"2026-02-18T13:40:06","modified_gmt":"2026-02-18T12:40:06","slug":"admission-horaires-douverture","status":"publish","type":"page","link":"https:\/\/www.textilmuseum.ch\/fr\/visite\/admission-horaires-douverture\/","title":{"rendered":"Admission et Horaires d\u2019ouverture"},"content":{"rendered":"<h4>Visite du mus\u00e9e<\/h4>\n<h2>Admission<\/h2>\n<p>Adultes : 12 CHF<br \/>\nGroupes (\u00e0 partir de 10 personnes) : 9 CHF\/personne<br \/>\nApprentis\/\u00e9tudiants jusqu\u2019\u00e0 26 ans (Carte d\u2019\u00e9tudiant): 5 CHF&nbsp;&nbsp;&nbsp;&nbsp;&nbsp;<br \/>\nTitulaire KulturLegi: 5 CHF<br \/>\nEnfants \/ Jeunes* jusqu&rsquo;\u00e0 18 ans : 5 CHF<\/p>\n<p><a class=\"button\" href=\"https:\/\/www.eventim-light.com\/ch\/a\/62176beb311b433389af925a\/\" target=\"_blank\" rel=\"noopener\">Online Ticket-Shop<\/a><\/p>\n<p>Le St.Galler Museums-Pass vous donne acc\u00e8s \u00e0 notre mus\u00e9e et \u00e0 dix autres mus\u00e9es de Saint-Gall pendant un ou deux jours (24\/42 CHF).<br \/>\nVous trouverez ici des informations d\u00e9taill\u00e9es et la possibilit\u00e9 de r\u00e9server en ligne :<\/p>\n<p><a class=\"button\" href=\"https:\/\/shop.st.gallen-bodensee.ch\/de\/pages\/museums-pass\">St.Galler Museums-Pass<\/a><\/p>\n<h3>L\u2019entr\u00e9e est gratuite pour<strong><br \/>\n<\/strong><\/h3>\n<ul>\n<li>*Enfants \/ Jeunes des cantons SG\/AR&nbsp; accompagn\u00e9s d&rsquo;adultes<\/li>\n<li>Les membres de l\u2019Association du Mus\u00e9e du textile<\/li>\n<li>Les repr\u00e9sentants des m\u00e9dias munis d\u2019une carte de presse<\/li>\n<li>Les titulaires des cartes suivantes, cartes de membre ou bon-cadeau : Bodensee Card Plus, Entwerferverein, kklick, OSKAR, Raiffeisen EC-Plus-Karten, Schweizer Museumspass, Swiss Travel Pass, PASS Mus\u00e9es SG, VMS\/ ICOM, Werkbund<\/li>\n<\/ul>\n<h2>Horaires d\u2019ouverture<\/h2>\n<p>Lundi \u2013 dimanche 10 \u2013 17 h<\/p>\n<p>Veuillez noter que le mus\u00e9e sera ferm\u00e9 le lundi \u00e0 partir du 1er juin 2026.<\/p>\n<h2>Accessibilit\u00e9<\/h2>\n<p>Datant de 1886, le caract\u00e8re historique du b\u00e2timent ne nous permet malheureusement d\u2019accueillir les personnes \u00e0 mobilit\u00e9 r\u00e9duite que de fa\u00e7on limit\u00e9e. Nous mettons cependant tout en \u0153uvre pour que la visite des expositions soit la plus agr\u00e9able possible pour les personnes ayant des besoins sp\u00e9cifiques. Veuillez contacter notre service accueil et r\u00e9servations afin d\u2019organiser votre visite. Retrouvez des informations d\u00e9taill\u00e9es sur notre infrastructure \u00e0 la page&nbsp;<a href=\"http:\/\/www.zugangsmonitor.ch\/Shortcut-Startseite.20.0.html?&amp;L=3\" target=\"_blank\" rel=\"noopener noreferrer\">Accessibilit\u00e9 Procap<\/a>. Un parking est disponible dans la cour du mus\u00e9e du textile.<\/p>\n<h2>Contact<\/h2>\n<p>Le service des visiteurs est disponible du lundi au vendredi de 10h \u00e0 17h.<\/p>\n<p>service des visiteurs<br \/>\n+41 228 00 10<br \/>\n<a href=\"mailto:info@textilmuseum.ch\">info@textilmuseum.ch<\/a><\/p>\n","protected":false},"excerpt":{"rendered":"<p>Visite du mus\u00e9e Admission Adultes : 12 CHF Groupes (\u00e0 partir de 10 personnes) : 9 CHF\/personne Apprentis\/\u00e9tudiants jusqu\u2019\u00e0 26 ans (Carte d\u2019\u00e9tudiant): 5 CHF&nbsp;&nbsp;&nbsp;&nbsp;&nbsp; Titulaire KulturLegi: 5 CHF Enfants \/ Jeunes* jusqu&rsquo;\u00e0 18 ans : 5 CHF Online Ticket-Shop Le St.Galler Museums-Pass vous donne acc\u00e8s \u00e0 notre mus\u00e9e et \u00e0 dix autres mus\u00e9es de Saint-Gall pendant un ou deux jours (24\/42 CHF). Vous trouverez ici des informations d\u00e9taill\u00e9es et la possibilit\u00e9 de r\u00e9server en ligne : St.Galler Museums-Pass L\u2019entr\u00e9e est gratuite pour *Enfants \/ Jeunes des cantons SG\/AR&nbsp; accompagn\u00e9s d&rsquo;adultes Les membres de l\u2019Association du Mus\u00e9e du textile Les [&hellip;]<\/p>\n","protected":false},"author":7,"featured_media":0,"parent":3727,"menu_order":0,"comment_status":"closed","ping_status":"closed","template":"","meta":{"ngg_post_thumbnail":0,"footnotes":""},"class_list":["post-19326","page","type-page","status-publish","hentry"],"_links":{"self":[{"href":"https:\/\/www.textilmuseum.ch\/fr\/wp-json\/wp\/v2\/pages\/19326","targetHints":{"allow":["GET"]}}],"collection":[{"href":"https:\/\/www.textilmuseum.ch\/fr\/wp-json\/wp\/v2\/pages"}],"about":[{"href":"https:\/\/www.textilmuseum.ch\/fr\/wp-json\/wp\/v2\/types\/page"}],"author":[{"embeddable":true,"href":"https:\/\/www.textilmuseum.ch\/fr\/wp-json\/wp\/v2\/users\/7"}],"replies":[{"embeddable":true,"href":"https:\/\/www.textilmuseum.ch\/fr\/wp-json\/wp\/v2\/comments?post=19326"}],"version-history":[{"count":40,"href":"https:\/\/www.textilmuseum.ch\/fr\/wp-json\/wp\/v2\/pages\/19326\/revisions"}],"predecessor-version":[{"id":27360,"href":"https:\/\/www.textilmuseum.ch\/fr\/wp-json\/wp\/v2\/pages\/19326\/revisions\/27360"}],"up":[{"embeddable":true,"href":"https:\/\/www.textilmuseum.ch\/fr\/wp-json\/wp\/v2\/pages\/3727"}],"wp:attachment":[{"href":"https:\/\/www.textilmuseum.ch\/fr\/wp-json\/wp\/v2\/media?parent=19326"}],"curies":[{"name":"wp","href":"https:\/\/api.w.org\/{rel}","templated":true}]}}