{"id":19320,"date":"2022-09-14T11:38:42","date_gmt":"2022-09-14T09:38:42","guid":{"rendered":"https:\/\/www.textilmuseum.ch\/?page_id=19320"},"modified":"2025-10-02T15:45:26","modified_gmt":"2025-10-02T13:45:26","slug":"rendre-au-musee","status":"publish","type":"page","link":"https:\/\/www.textilmuseum.ch\/fr\/visite\/rendre-au-musee\/","title":{"rendered":"Se rendre au mus\u00e9e"},"content":{"rendered":"<h5>Visite du mus\u00e9e<\/h5>\n<h2>Se rendre au mus\u00e9e<\/h2>\n<p>Le Mus\u00e9e du textile se trouve dans une zone \u00e0 circulation limit\u00e9e \u00e0 proximit\u00e9 du centre-ville historique et de l\u2019abbaye de Saint-Gall. Le mus\u00e9e \u00e9tant situ\u00e9 \u00e0 quelques enjamb\u00e9es seulement de la gare, il est pr\u00e9f\u00e9rable de venir \u00e0&nbsp;<a href=\"https:\/\/www.google.ch\/maps\/place\/Textilmuseum+St.+Gallen\/@47.4233455,9.3732113,17z\/data=!4m8!1m2!2m1!1stextilmuseum+textilbibliothek+vadianstrasse+2+st+gallen+parkplatz+in+der+n%C3%A4he!3m4!1s0x479b1e4ae30f038d:0xe9755f6969d09707!8m2!3d47.4233702!4d9.3736085\" target=\"_blank\" rel=\"noopener noreferrer\">pied<\/a>&nbsp;ou en&nbsp;<a href=\"https:\/\/www.sbb.ch\/fr\/acheter\/pages\/fahrplan\/fahrplan.xhtml\" target=\"_blank\" rel=\"noopener noreferrer\">train<\/a>&nbsp;et en&nbsp;<a href=\"https:\/\/fastfinder.ch\/#footer=search%2Frequest\" target=\"_blank\" rel=\"noopener noreferrer\">bus<\/a>.<\/p>\n<p>Si vous venez en voiture, nous vous recommandons de garer votre v\u00e9hicule dans un parking situ\u00e9 dans le centre-ville. Retrouvez toutes les informations r\u00e9centes sur les possibilit\u00e9s de stationnement&nbsp;<a href=\"https:\/\/www.pls-sg.ch\/parkraeume\/\">ici<\/a>.<\/p>\n<p><span class=\"Y2IQFc\" lang=\"fr\">Nous serions heureux de vous fournir des informations sur l&rsquo;offre. <\/span><\/p>\n<p><span class=\"Y2IQFc\" lang=\"fr\">Le service visiteurs est joignable par t\u00e9l\u00e9phone du lundi au vendredi de 10h \u00e0 17h.<\/span><\/p>\n","protected":false},"excerpt":{"rendered":"<p>Visite du mus\u00e9e Se rendre au mus\u00e9e Le Mus\u00e9e du textile se trouve dans une zone \u00e0 circulation limit\u00e9e \u00e0 proximit\u00e9 du centre-ville historique et de l\u2019abbaye de Saint-Gall. Le mus\u00e9e \u00e9tant situ\u00e9 \u00e0 quelques enjamb\u00e9es seulement de la gare, il est pr\u00e9f\u00e9rable de venir \u00e0&nbsp;pied&nbsp;ou en&nbsp;train&nbsp;et en&nbsp;bus. Si vous venez en voiture, nous vous recommandons de garer votre v\u00e9hicule dans un parking situ\u00e9 dans le centre-ville. Retrouvez toutes les informations r\u00e9centes sur les possibilit\u00e9s de stationnement&nbsp;ici. Nous serions heureux de vous fournir des informations sur l&rsquo;offre. Le service visiteurs est joignable par t\u00e9l\u00e9phone du lundi au vendredi de 10h [&hellip;]<\/p>\n","protected":false},"author":7,"featured_media":0,"parent":3727,"menu_order":0,"comment_status":"closed","ping_status":"closed","template":"","meta":{"ngg_post_thumbnail":0,"footnotes":""},"class_list":["post-19320","page","type-page","status-publish","hentry"],"_links":{"self":[{"href":"https:\/\/www.textilmuseum.ch\/fr\/wp-json\/wp\/v2\/pages\/19320","targetHints":{"allow":["GET"]}}],"collection":[{"href":"https:\/\/www.textilmuseum.ch\/fr\/wp-json\/wp\/v2\/pages"}],"about":[{"href":"https:\/\/www.textilmuseum.ch\/fr\/wp-json\/wp\/v2\/types\/page"}],"author":[{"embeddable":true,"href":"https:\/\/www.textilmuseum.ch\/fr\/wp-json\/wp\/v2\/users\/7"}],"replies":[{"embeddable":true,"href":"https:\/\/www.textilmuseum.ch\/fr\/wp-json\/wp\/v2\/comments?post=19320"}],"version-history":[{"count":4,"href":"https:\/\/www.textilmuseum.ch\/fr\/wp-json\/wp\/v2\/pages\/19320\/revisions"}],"predecessor-version":[{"id":26799,"href":"https:\/\/www.textilmuseum.ch\/fr\/wp-json\/wp\/v2\/pages\/19320\/revisions\/26799"}],"up":[{"embeddable":true,"href":"https:\/\/www.textilmuseum.ch\/fr\/wp-json\/wp\/v2\/pages\/3727"}],"wp:attachment":[{"href":"https:\/\/www.textilmuseum.ch\/fr\/wp-json\/wp\/v2\/media?parent=19320"}],"curies":[{"name":"wp","href":"https:\/\/api.w.org\/{rel}","templated":true}]}}