{"id":18124,"date":"2022-02-18T11:16:29","date_gmt":"2022-02-18T10:16:29","guid":{"rendered":"https:\/\/www.textilmuseum.ch\/?page_id=18124"},"modified":"2022-02-18T12:13:15","modified_gmt":"2022-02-18T11:13:15","slug":"sudo-reiko-making-nuno-textiles-catalogue","status":"publish","type":"page","link":"https:\/\/www.textilmuseum.ch\/fr\/sudo-reiko-making-nuno-textiles-catalogue\/","title":{"rendered":"Sudo Reiko: Making NUNO Textiles &#8211; Catalogue"},"content":{"rendered":"<p>Un catalogue a \u00e9t\u00e9 publi\u00e9 \u00e0 l&rsquo;occasion de l&rsquo;exposition <a href=\"https:\/\/www.mill6chat.org\/event\/sudo-reiko-making-nuno-textiles\/\" target=\"_blank\" rel=\"noopener\">Sudo Reiko : Making NUNO Textiles<\/a>, qui s&rsquo;est tenue du 21.11.2019 au 1.3.2020 au <a href=\"https:\/\/www.mill6chat.org\/\" target=\"_blank\" rel=\"noopener\">CHAT (Centre for Heritage, Art and Textiles)<\/a> \u00e0 Hong Kong. Il peut \u00eatre achet\u00e9 en ligne au prix de 15 USD.<\/p>\n<p><a href=\"https:\/\/issuu.com\/store\/publishers\/mill6chat\/issues\/chat_winter_2019_sudo_reiko\">CHAT Winter 2019 Sudo Reiko catalogue by mill6chat &#8211; Buy through Issuu<\/a><\/p>\n<p><a href=\"https:\/\/issuu.com\/mill6chat\/docs\/chat_winter_2019_sudo_reiko\"><img loading=\"lazy\" decoding=\"async\" class=\"wp-image-18115 size-large\" src=\"https:\/\/www.textilmuseum.ch\/wp-content\/uploads\/2022\/02\/Sudo-Reiko-Online-catalogue_20210510-1-1-840x594.jpg\" alt=\"Sudo Reiko: Making NUNO Textiles - Catalogue\" width=\"840\" height=\"594\" srcset=\"https:\/\/www.textilmuseum.ch\/wp-content\/uploads\/2022\/02\/Sudo-Reiko-Online-catalogue_20210510-1-1-840x594.jpg 840w, https:\/\/www.textilmuseum.ch\/wp-content\/uploads\/2022\/02\/Sudo-Reiko-Online-catalogue_20210510-1-1-280x198.jpg 280w, https:\/\/www.textilmuseum.ch\/wp-content\/uploads\/2022\/02\/Sudo-Reiko-Online-catalogue_20210510-1-1-150x106.jpg 150w, https:\/\/www.textilmuseum.ch\/wp-content\/uploads\/2022\/02\/Sudo-Reiko-Online-catalogue_20210510-1-1-768x543.jpg 768w, https:\/\/www.textilmuseum.ch\/wp-content\/uploads\/2022\/02\/Sudo-Reiko-Online-catalogue_20210510-1-1.jpg 1500w\" sizes=\"auto, (max-width: 840px) 100vw, 840px\" \/><\/a><\/p>\n","protected":false},"excerpt":{"rendered":"<p>Un catalogue a \u00e9t\u00e9 publi\u00e9 \u00e0 l&rsquo;occasion de l&rsquo;exposition Sudo Reiko : Making NUNO Textiles, qui s&rsquo;est tenue du 21.11.2019 au 1.3.2020 au CHAT (Centre for Heritage, Art and Textiles) \u00e0 Hong Kong. Il peut \u00eatre achet\u00e9 en ligne au prix de 15 USD. CHAT Winter 2019 Sudo Reiko catalogue by mill6chat &#8211; Buy through Issuu<\/p>\n","protected":false},"author":7,"featured_media":0,"parent":0,"menu_order":0,"comment_status":"closed","ping_status":"closed","template":"","meta":{"ngg_post_thumbnail":0,"footnotes":""},"class_list":["post-18124","page","type-page","status-publish","hentry"],"_links":{"self":[{"href":"https:\/\/www.textilmuseum.ch\/fr\/wp-json\/wp\/v2\/pages\/18124","targetHints":{"allow":["GET"]}}],"collection":[{"href":"https:\/\/www.textilmuseum.ch\/fr\/wp-json\/wp\/v2\/pages"}],"about":[{"href":"https:\/\/www.textilmuseum.ch\/fr\/wp-json\/wp\/v2\/types\/page"}],"author":[{"embeddable":true,"href":"https:\/\/www.textilmuseum.ch\/fr\/wp-json\/wp\/v2\/users\/7"}],"replies":[{"embeddable":true,"href":"https:\/\/www.textilmuseum.ch\/fr\/wp-json\/wp\/v2\/comments?post=18124"}],"version-history":[{"count":1,"href":"https:\/\/www.textilmuseum.ch\/fr\/wp-json\/wp\/v2\/pages\/18124\/revisions"}],"predecessor-version":[{"id":18125,"href":"https:\/\/www.textilmuseum.ch\/fr\/wp-json\/wp\/v2\/pages\/18124\/revisions\/18125"}],"wp:attachment":[{"href":"https:\/\/www.textilmuseum.ch\/fr\/wp-json\/wp\/v2\/media?parent=18124"}],"curies":[{"name":"wp","href":"https:\/\/api.w.org\/{rel}","templated":true}]}}