{"id":16761,"date":"2021-04-12T11:52:00","date_gmt":"2021-04-12T09:52:00","guid":{"rendered":"https:\/\/www.textilmuseum.ch\/?page_id=16761"},"modified":"2024-05-30T10:37:47","modified_gmt":"2024-05-30T08:37:47","slug":"fondation","status":"publish","type":"page","link":"https:\/\/www.textilmuseum.ch\/fr\/fondation\/","title":{"rendered":"Fondation Mus\u00e9e du textile de Saint-Gall"},"content":{"rendered":"<h2>Fondation Mus\u00e9e du textile de Saint-Gall<\/h2>\n<p>La fondation Mus\u00e9e du textile a \u00e9t\u00e9 cr\u00e9\u00e9e en 2018. Elle a repris le b\u00e2timent du mus\u00e9e, les collections d\u2019art et les actifs restants de l\u2019IHK-Stiftung St. Gallen-Appenzell. Il s\u2019agit d\u2019une fondation d\u2019utilit\u00e9 publique qui met l\u2019infrastructure et les collections d\u2019art \u00e0 disposition de l\u2019Association du Mus\u00e9e du textile responsable de la gestion du mus\u00e9e, et qui veille \u00e0 sa pr\u00e9servation et \u00e0 son entretien. Le mus\u00e9e est soutenu par une contribution annuelle issue du patrimoine de la fondation. Ainsi, la fondation Mus\u00e9e du textile assure l\u2019attractivit\u00e9 du Mus\u00e9e du textile et met \u00e0 l\u2019honneur la tradition textile de Saint-Gall, \u00e0 l\u2019avenir \u00e9galement.<\/p>\n<p><a href=\"https:\/\/www.textilmuseum.ch\/fr\/renovation\/\"><span style=\"text-decoration: underline;\">R\u00e9novation du Mus\u00e9e du textile<\/span><\/a><\/p>\n<h3>Composition du conseil de fondation<\/h3>\n<p class=\"x_x_MsoNormal\">Carmen Fleisch-Otten<br \/>\nPr\u00e9sidente<\/p>\n<p class=\"x_x_MsoNormal\">Roland Bentele<br \/>\nHeinrich Christen<br \/>\nEmanuel Forster<br \/>\nPeter&nbsp;<span class=\"x_x_SpellE\">Kriemler<\/span><br \/>\nIsabel Schorer<br \/>\nMatthias Tischhauser<br \/>\nSilvan Wildhaber<\/p>\n","protected":false},"excerpt":{"rendered":"<p>Fondation Mus\u00e9e du textile de Saint-Gall La fondation Mus\u00e9e du textile a \u00e9t\u00e9 cr\u00e9\u00e9e en 2018. Elle a repris le b\u00e2timent du mus\u00e9e, les collections d\u2019art et les actifs restants de l\u2019IHK-Stiftung St. Gallen-Appenzell. Il s\u2019agit d\u2019une fondation d\u2019utilit\u00e9 publique qui met l\u2019infrastructure et les collections d\u2019art \u00e0 disposition de l\u2019Association du Mus\u00e9e du textile responsable de la gestion du mus\u00e9e, et qui veille \u00e0 sa pr\u00e9servation et \u00e0 son entretien. Le mus\u00e9e est soutenu par une contribution annuelle issue du patrimoine de la fondation. Ainsi, la fondation Mus\u00e9e du textile assure l\u2019attractivit\u00e9 du Mus\u00e9e du textile et met \u00e0 [&hellip;]<\/p>\n","protected":false},"author":7,"featured_media":0,"parent":0,"menu_order":0,"comment_status":"closed","ping_status":"closed","template":"","meta":{"ngg_post_thumbnail":0,"footnotes":""},"class_list":["post-16761","page","type-page","status-publish","hentry"],"_links":{"self":[{"href":"https:\/\/www.textilmuseum.ch\/fr\/wp-json\/wp\/v2\/pages\/16761","targetHints":{"allow":["GET"]}}],"collection":[{"href":"https:\/\/www.textilmuseum.ch\/fr\/wp-json\/wp\/v2\/pages"}],"about":[{"href":"https:\/\/www.textilmuseum.ch\/fr\/wp-json\/wp\/v2\/types\/page"}],"author":[{"embeddable":true,"href":"https:\/\/www.textilmuseum.ch\/fr\/wp-json\/wp\/v2\/users\/7"}],"replies":[{"embeddable":true,"href":"https:\/\/www.textilmuseum.ch\/fr\/wp-json\/wp\/v2\/comments?post=16761"}],"version-history":[{"count":6,"href":"https:\/\/www.textilmuseum.ch\/fr\/wp-json\/wp\/v2\/pages\/16761\/revisions"}],"predecessor-version":[{"id":22927,"href":"https:\/\/www.textilmuseum.ch\/fr\/wp-json\/wp\/v2\/pages\/16761\/revisions\/22927"}],"wp:attachment":[{"href":"https:\/\/www.textilmuseum.ch\/fr\/wp-json\/wp\/v2\/media?parent=16761"}],"curies":[{"name":"wp","href":"https:\/\/api.w.org\/{rel}","templated":true}]}}