{"id":12055,"date":"2020-02-25T15:54:37","date_gmt":"2020-02-25T14:54:37","guid":{"rendered":"https:\/\/textilmu.goeasttest.cloud\/?page_id=12055"},"modified":"2024-10-07T11:30:48","modified_gmt":"2024-10-07T09:30:48","slug":"enfants-familles","status":"publish","type":"page","link":"https:\/\/www.textilmuseum.ch\/fr\/enfants-familles\/","title":{"rendered":"Enfants + familles"},"content":{"rendered":"<h4>Enfants + familles<\/h4>\n<p>Nous nous r\u00e9jouissons tout particuli\u00e8rement d&rsquo;accueillir les jeunes visiteurs et leurs familles. Les passionn\u00e9s de textile et de mode \u00e2g\u00e9s de sept ans et plus peuvent se procurer au service des visiteurs KARO un cahier d&rsquo;esquisses avec des textes informatifs et beaucoup de place pour leurs propres cr\u00e9ations. Pour les enfants plus jeunes, nous tenons des feuilles de coloriage \u00e0 disposition.<\/p>\n<p>Nous souhaitons faire d\u00e9couvrir aux enfants et aux adolescents le monde passionnant des textiles et organisons des ateliers sp\u00e9ciaux et des visites guid\u00e9es sur diff\u00e9rents th\u00e8mes. Nous proposons \u00e9galement un programme int\u00e9ressant pour toutes les classes d&rsquo;\u00e2ge \u00e0 l&rsquo;occasion de la Journ\u00e9e internationale des mus\u00e9es, qui a lieu chaque ann\u00e9e, ainsi que lors de la Nuit des mus\u00e9es de Saint-Gall.<\/p>\n","protected":false},"excerpt":{"rendered":"<p>Enfants + familles Nous nous r\u00e9jouissons tout particuli\u00e8rement d&rsquo;accueillir les jeunes visiteurs et leurs familles. Les passionn\u00e9s de textile et de mode \u00e2g\u00e9s de sept ans et plus peuvent se procurer au service des visiteurs KARO un cahier d&rsquo;esquisses avec des textes informatifs et beaucoup de place pour leurs propres cr\u00e9ations. Pour les enfants plus jeunes, nous tenons des feuilles de coloriage \u00e0 disposition. Nous souhaitons faire d\u00e9couvrir aux enfants et aux adolescents le monde passionnant des textiles et organisons des ateliers sp\u00e9ciaux et des visites guid\u00e9es sur diff\u00e9rents th\u00e8mes. Nous proposons \u00e9galement un programme int\u00e9ressant pour toutes les classes [&hellip;]<\/p>\n","protected":false},"author":7,"featured_media":12156,"parent":0,"menu_order":0,"comment_status":"closed","ping_status":"closed","template":"","meta":{"ngg_post_thumbnail":0,"footnotes":""},"class_list":["post-12055","page","type-page","status-publish","has-post-thumbnail","hentry"],"_links":{"self":[{"href":"https:\/\/www.textilmuseum.ch\/fr\/wp-json\/wp\/v2\/pages\/12055","targetHints":{"allow":["GET"]}}],"collection":[{"href":"https:\/\/www.textilmuseum.ch\/fr\/wp-json\/wp\/v2\/pages"}],"about":[{"href":"https:\/\/www.textilmuseum.ch\/fr\/wp-json\/wp\/v2\/types\/page"}],"author":[{"embeddable":true,"href":"https:\/\/www.textilmuseum.ch\/fr\/wp-json\/wp\/v2\/users\/7"}],"replies":[{"embeddable":true,"href":"https:\/\/www.textilmuseum.ch\/fr\/wp-json\/wp\/v2\/comments?post=12055"}],"version-history":[{"count":4,"href":"https:\/\/www.textilmuseum.ch\/fr\/wp-json\/wp\/v2\/pages\/12055\/revisions"}],"predecessor-version":[{"id":23543,"href":"https:\/\/www.textilmuseum.ch\/fr\/wp-json\/wp\/v2\/pages\/12055\/revisions\/23543"}],"wp:featuredmedia":[{"embeddable":true,"href":"https:\/\/www.textilmuseum.ch\/fr\/wp-json\/wp\/v2\/media\/12156"}],"wp:attachment":[{"href":"https:\/\/www.textilmuseum.ch\/fr\/wp-json\/wp\/v2\/media?parent=12055"}],"curies":[{"name":"wp","href":"https:\/\/api.w.org\/{rel}","templated":true}]}}