{"id":23286,"date":"2016-04-21T11:46:42","date_gmt":"2016-04-21T09:46:42","guid":{"rendered":"https:\/\/www.textilmuseum.ch\/?page_id=23286"},"modified":"2024-08-22T14:33:50","modified_gmt":"2024-08-22T12:33:50","slug":"23286-2","status":"publish","type":"page","link":"https:\/\/www.textilmuseum.ch\/en\/23286-2\/","title":{"rendered":""},"content":{"rendered":"<h4>Tr\u00f6ckneturm<\/h4>\n<p>The Tr\u00f6ckneturm site with the pond in Sch\u00f6nenwegen in the west of the city of St. Gallen is one of the most striking architectural monuments from the heyday of the textile industry in eastern Switzerland. The monumental, 25 metre high wooden tower is the only remaining building of an Indienne dye works that was built on the grounds of Waldegg Castle after 1825. The factory building itself and the chapel belonging to it were demolished in 1926, and one of the three ponds was filled in. The building, in which &#8211; as the name suggests &#8211; the cloths were hung up to dry in long lengths after dyeing, provides an impressive insight into an old St. Gallen textile industry.<\/p>\n<h4>The Tr\u00f6ckneturm as an event location<\/h4>\n<p>The Tr\u00f6ckneturm can be rented for private or business events. The ground floor is ideal for birthday parties, celebrations or other private events (60 to 80 people). There is a projector, screen and WiFi on the ground floor. The tower and its surroundings are also very suitable for business meetings or events. A kitchen is available. Food and drink can be brought along or delivered.<\/p>\n<p>Franziska W\u00fcst<br \/>\n<a href=\"mailto:info@troeckneturm.ch\" target=\"_blank\" rel=\"noopener\">info@troeckneturm.ch<\/a><br \/>\n+41 79 658 95 77<\/p>\n<h4>The Tr\u00f6ckneturm as a wedding venue<\/h4>\n<p>Since January 1, 2023, wedding couples have been able to get married in the Tr\u00f6ckneturm once or twice a month on Fridays. The atmospheric room, equipped with a fireplace, offers space for around 60-80 people and is therefore significantly more spacious than the other two wedding venues in the city of St.Gallen, those in the town hall and town hall. The data for weddings in the Tr\u00f6ckneturm can be found <a href=\"https:\/\/www.stadt.sg.ch\/home\/verwaltung-politik\/verwaltung-dienste\/marsch.html\" target=\"_blank\" rel=\"noopener\">here<\/a>.<\/p>\n<h4>Guided tours of the Tr\u00f6ckneturm<\/h4>\n<p>Guided tours of the Tr\u00f6ckneturm are available on request and can be booked through the Textile Museum&#8217;s visitor service:<\/p>\n<p><a href=\"mailto:info@textilmuseum.ch\">info@textilmuseum.ch<\/a><br \/>\n+41 71 228 00 10<\/p>\n<h2>Tr\u00f6ckneturm St.Gallen<\/h2>\n<p>Am Burgweiherweg 1<br \/>\n9000 St. Gallen<br \/>\n<a href=\"http:\/\/www.troeckneturm.ch\/de\/home\">troeckneturm.ch<\/a><\/p>\n<h4>Public transport<\/h4>\n<p>St. Gallen city bus, lines 1, 2: Sch\u00f6nenwegen stop<br \/>\nSt. Gallen city bus, lines 3, 4: Vonwil or Waldacker stop<\/p>\nngg_shortcode_0_placeholder\n","protected":false},"excerpt":{"rendered":"<p>Tr\u00f6ckneturm The Tr\u00f6ckneturm site with the pond in Sch\u00f6nenwegen in the west of the city of St. Gallen is one of the most striking architectural monuments from the heyday of the textile industry in eastern Switzerland. The monumental, 25 metre high wooden tower is the only remaining building of an Indienne dye works that was built on the grounds of Waldegg Castle after 1825. The factory building itself and the chapel belonging to it were demolished in 1926, and one of the three ponds was filled in. The building, in which &#8211; as the name suggests &#8211; the cloths were [&hellip;]<\/p>\n","protected":false},"author":7,"featured_media":0,"parent":0,"menu_order":0,"comment_status":"closed","ping_status":"closed","template":"","meta":{"ngg_post_thumbnail":0,"footnotes":""},"class_list":["post-23286","page","type-page","status-publish","hentry"],"_links":{"self":[{"href":"https:\/\/www.textilmuseum.ch\/en\/wp-json\/wp\/v2\/pages\/23286","targetHints":{"allow":["GET"]}}],"collection":[{"href":"https:\/\/www.textilmuseum.ch\/en\/wp-json\/wp\/v2\/pages"}],"about":[{"href":"https:\/\/www.textilmuseum.ch\/en\/wp-json\/wp\/v2\/types\/page"}],"author":[{"embeddable":true,"href":"https:\/\/www.textilmuseum.ch\/en\/wp-json\/wp\/v2\/users\/7"}],"replies":[{"embeddable":true,"href":"https:\/\/www.textilmuseum.ch\/en\/wp-json\/wp\/v2\/comments?post=23286"}],"version-history":[{"count":4,"href":"https:\/\/www.textilmuseum.ch\/en\/wp-json\/wp\/v2\/pages\/23286\/revisions"}],"predecessor-version":[{"id":23294,"href":"https:\/\/www.textilmuseum.ch\/en\/wp-json\/wp\/v2\/pages\/23286\/revisions\/23294"}],"wp:attachment":[{"href":"https:\/\/www.textilmuseum.ch\/en\/wp-json\/wp\/v2\/media?parent=23286"}],"curies":[{"name":"wp","href":"https:\/\/api.w.org\/{rel}","templated":true}]}}